{"id":4199,"date":"2024-10-31T12:08:26","date_gmt":"2024-10-31T11:08:26","guid":{"rendered":"https:\/\/artezaleak.eus\/barro\/"},"modified":"2025-04-17T10:02:12","modified_gmt":"2025-04-17T09:02:12","slug":"barro","status":"publish","type":"page","link":"https:\/\/artezaleak.eus\/es\/talleres\/barro\/","title":{"rendered":"Barro"},"content":{"rendered":"\t\t<div data-elementor-type=\"wp-page\" data-elementor-id=\"4199\" class=\"elementor elementor-4199 elementor-4159\" data-elementor-post-type=\"page\">\n\t\t\t\t\t\t<section class=\"elementor-section elementor-top-section elementor-element elementor-element-a6f9fb8 elementor-section-boxed elementor-section-height-default elementor-section-height-default\" data-id=\"a6f9fb8\" data-element_type=\"section\" data-e-type=\"section\">\n\t\t\t\t\t\t<div class=\"elementor-container elementor-column-gap-no\">\n\t\t\t\t\t<div class=\"elementor-column elementor-col-100 elementor-top-column elementor-element elementor-element-401b2f1\" data-id=\"401b2f1\" data-element_type=\"column\" data-e-type=\"column\">\n\t\t\t<div class=\"elementor-widget-wrap elementor-element-populated\">\n\t\t\t\t\t\t<div class=\"elementor-element elementor-element-b6b44ec elementor-widget elementor-widget-heading\" data-id=\"b6b44ec\" data-element_type=\"widget\" data-e-type=\"widget\" data-widget_type=\"heading.default\">\n\t\t\t\t<div class=\"elementor-widget-container\">\n\t\t\t\t\t<h2 class=\"elementor-heading-title elementor-size-default\">Barro<\/h2>\t\t\t\t<\/div>\n\t\t\t\t<\/div>\n\t\t\t\t<div class=\"elementor-element elementor-element-81fa140 elementor-widget-divider--view-line elementor-widget elementor-widget-divider\" data-id=\"81fa140\" data-element_type=\"widget\" data-e-type=\"widget\" data-widget_type=\"divider.default\">\n\t\t\t\t<div class=\"elementor-widget-container\">\n\t\t\t\t\t\t\t<div class=\"elementor-divider\">\n\t\t\t<span class=\"elementor-divider-separator\">\n\t\t\t\t\t\t<\/span>\n\t\t<\/div>\n\t\t\t\t\t\t<\/div>\n\t\t\t\t<\/div>\n\t\t\t\t\t<\/div>\n\t\t<\/div>\n\t\t\t\t\t<\/div>\n\t\t<\/section>\n\t\t\t\t<section class=\"elementor-section elementor-top-section elementor-element elementor-element-9f472aa elementor-section-boxed elementor-section-height-default elementor-section-height-default\" data-id=\"9f472aa\" data-element_type=\"section\" data-e-type=\"section\">\n\t\t\t\t\t\t<div class=\"elementor-container elementor-column-gap-no\">\n\t\t\t\t\t<div class=\"elementor-column elementor-col-50 elementor-top-column elementor-element elementor-element-96fb796\" data-id=\"96fb796\" data-element_type=\"column\" data-e-type=\"column\">\n\t\t\t<div class=\"elementor-widget-wrap elementor-element-populated\">\n\t\t\t\t\t\t<div class=\"elementor-element elementor-element-43be549 elementor-widget elementor-widget-text-editor\" data-id=\"43be549\" data-element_type=\"widget\" data-e-type=\"widget\" data-widget_type=\"text-editor.default\">\n\t\t\t\t<div class=\"elementor-widget-container\">\n\t\t\t\t\t\t\t\t\t<p><strong>Profesora<\/strong><br \/>Ainhoa Goenaga<\/p>\n<p><strong>Nivel<\/strong><br \/>Ni\u00f1os 5+<\/p>\n<p><strong>Horario<\/strong><br \/>Lunes 17:00 &#8211; 18:30<br \/>Mi\u00e9rcoles 17:00 &#8211; 18:30<\/p>\n<p><strong>+info<\/strong><br \/>buztina@artezaleak.eus<\/p>\n\t\t\t\t\t\t\t\t<\/div>\n\t\t\t\t<\/div>\n\t\t\t\t\t<\/div>\n\t\t<\/div>\n\t\t\t\t<div class=\"elementor-column elementor-col-50 elementor-top-column elementor-element elementor-element-1041518\" data-id=\"1041518\" data-element_type=\"column\" data-e-type=\"column\">\n\t\t\t<div class=\"elementor-widget-wrap elementor-element-populated\">\n\t\t\t\t\t\t<div class=\"elementor-element elementor-element-7b04c10 elementor-widget elementor-widget-text-editor\" data-id=\"7b04c10\" data-element_type=\"widget\" data-e-type=\"widget\" data-widget_type=\"text-editor.default\">\n\t\t\t\t<div class=\"elementor-widget-container\">\n\t\t\t\t\t\t\t\t\t<p>El taller de cer\u00e1mica es un espacio de exploraci\u00f3n y convivencia, un punto de encuentro creativo y enriquecedor entre peques de distintas edades. En el taller disfrutamos del placer de jugar intuitiva y libremente con las manos. El barro nos brinda la oportunidad de experimentar, construir, deshacer y rehacer gustosamente. As\u00ed damos rienda suelta a la imaginaci\u00f3n y trabajamos la psicomotricidad fina, la atenci\u00f3n y los ciclos de la arcilla. Al fin y al cabo, la cer\u00e1mica es un viaje interminable lleno de aprendizaje y disfrute.    <\/p>\n\t\t\t\t\t\t\t\t<\/div>\n\t\t\t\t<\/div>\n\t\t\t\t<div class=\"elementor-element elementor-element-6e3d64d elementor-widget elementor-widget-image\" data-id=\"6e3d64d\" data-element_type=\"widget\" data-e-type=\"widget\" data-widget_type=\"image.default\">\n\t\t\t\t<div class=\"elementor-widget-container\">\n\t\t\t\t\t\t\t\t\t\t\t\t\t\t\t<img fetchpriority=\"high\" decoding=\"async\" width=\"1290\" height=\"864\" src=\"https:\/\/artezaleak.eus\/wp-content\/uploads\/2024\/12\/buztina-portada.jpg\" class=\"attachment-full size-full wp-image-5020\" alt=\"\" srcset=\"https:\/\/artezaleak.eus\/wp-content\/uploads\/2024\/12\/buztina-portada.jpg 1290w, https:\/\/artezaleak.eus\/wp-content\/uploads\/2024\/12\/buztina-portada-300x201.jpg 300w, https:\/\/artezaleak.eus\/wp-content\/uploads\/2024\/12\/buztina-portada-1024x686.jpg 1024w, https:\/\/artezaleak.eus\/wp-content\/uploads\/2024\/12\/buztina-portada-768x514.jpg 768w\" sizes=\"(max-width: 1290px) 100vw, 1290px\" \/>\t\t\t\t\t\t\t\t\t\t\t\t\t\t\t<\/div>\n\t\t\t\t<\/div>\n\t\t\t\t<div class=\"elementor-element elementor-element-7aa0fbd elementor-widget elementor-widget-gallery\" data-id=\"7aa0fbd\" data-element_type=\"widget\" data-e-type=\"widget\" data-settings=\"{&quot;gallery_layout&quot;:&quot;masonry&quot;,&quot;lazyload&quot;:&quot;yes&quot;,&quot;columns&quot;:4,&quot;columns_tablet&quot;:2,&quot;columns_mobile&quot;:1,&quot;gap&quot;:{&quot;unit&quot;:&quot;px&quot;,&quot;size&quot;:10,&quot;sizes&quot;:[]},&quot;gap_tablet&quot;:{&quot;unit&quot;:&quot;px&quot;,&quot;size&quot;:10,&quot;sizes&quot;:[]},&quot;gap_mobile&quot;:{&quot;unit&quot;:&quot;px&quot;,&quot;size&quot;:10,&quot;sizes&quot;:[]},&quot;link_to&quot;:&quot;file&quot;,&quot;overlay_background&quot;:&quot;yes&quot;,&quot;content_hover_animation&quot;:&quot;fade-in&quot;}\" data-widget_type=\"gallery.default\">\n\t\t\t\t<div class=\"elementor-widget-container\">\n\t\t\t\t\t\t\t<div class=\"elementor-gallery__container\">\n\t\t\t\t\t\t\t<a class=\"e-gallery-item elementor-gallery-item elementor-animated-content\" href=\"https:\/\/artezaleak.eus\/wp-content\/uploads\/2024\/12\/buztina-taller.jpg\" data-elementor-open-lightbox=\"yes\" data-elementor-lightbox-slideshow=\"7aa0fbd\" data-e-action-hash=\"#elementor-action%3Aaction%3Dlightbox%26settings%3DeyJpZCI6NTAxNiwidXJsIjoiaHR0cHM6XC9cL2FydGV6YWxlYWsuZXVzXC93cC1jb250ZW50XC91cGxvYWRzXC8yMDI0XC8xMlwvYnV6dGluYS10YWxsZXIuanBnIiwic2xpZGVzaG93IjoiN2FhMGZiZCJ9\">\n\t\t\t\t\t<div class=\"e-gallery-image elementor-gallery-item__image\" data-thumbnail=\"https:\/\/artezaleak.eus\/wp-content\/uploads\/2024\/12\/buztina-taller-300x223.jpg\" data-width=\"300\" data-height=\"223\" aria-label=\"\" role=\"img\" ><\/div>\n\t\t\t\t\t\t\t\t\t\t\t<div class=\"elementor-gallery-item__overlay\"><\/div>\n\t\t\t\t\t\t\t\t\t\t\t\t\t\t<\/a>\n\t\t\t\t\t\t\t<a class=\"e-gallery-item elementor-gallery-item elementor-animated-content\" href=\"https:\/\/artezaleak.eus\/wp-content\/uploads\/2024\/12\/buztina-humeak.jpg\" data-elementor-open-lightbox=\"yes\" data-elementor-lightbox-slideshow=\"7aa0fbd\" data-e-action-hash=\"#elementor-action%3Aaction%3Dlightbox%26settings%3DeyJpZCI6NTAxOCwidXJsIjoiaHR0cHM6XC9cL2FydGV6YWxlYWsuZXVzXC93cC1jb250ZW50XC91cGxvYWRzXC8yMDI0XC8xMlwvYnV6dGluYS1odW1lYWsuanBnIiwic2xpZGVzaG93IjoiN2FhMGZiZCJ9\">\n\t\t\t\t\t<div class=\"e-gallery-image elementor-gallery-item__image\" data-thumbnail=\"https:\/\/artezaleak.eus\/wp-content\/uploads\/2024\/12\/buztina-humeak-300x169.jpg\" data-width=\"300\" data-height=\"169\" aria-label=\"\" role=\"img\" ><\/div>\n\t\t\t\t\t\t\t\t\t\t\t<div class=\"elementor-gallery-item__overlay\"><\/div>\n\t\t\t\t\t\t\t\t\t\t\t\t\t\t<\/a>\n\t\t\t\t\t\t\t<a class=\"e-gallery-item elementor-gallery-item elementor-animated-content\" href=\"https:\/\/artezaleak.eus\/wp-content\/uploads\/2024\/12\/buztina-arbol.jpg\" data-elementor-open-lightbox=\"yes\" data-elementor-lightbox-slideshow=\"7aa0fbd\" data-e-action-hash=\"#elementor-action%3Aaction%3Dlightbox%26settings%3DeyJpZCI6NTAyMiwidXJsIjoiaHR0cHM6XC9cL2FydGV6YWxlYWsuZXVzXC93cC1jb250ZW50XC91cGxvYWRzXC8yMDI0XC8xMlwvYnV6dGluYS1hcmJvbC5qcGciLCJzbGlkZXNob3ciOiI3YWEwZmJkIn0%3D\">\n\t\t\t\t\t<div class=\"e-gallery-image elementor-gallery-item__image\" data-thumbnail=\"https:\/\/artezaleak.eus\/wp-content\/uploads\/2024\/12\/buztina-arbol-298x300.jpg\" data-width=\"298\" data-height=\"300\" aria-label=\"\" role=\"img\" ><\/div>\n\t\t\t\t\t\t\t\t\t\t\t<div class=\"elementor-gallery-item__overlay\"><\/div>\n\t\t\t\t\t\t\t\t\t\t\t\t\t\t<\/a>\n\t\t\t\t\t\t\t<a class=\"e-gallery-item elementor-gallery-item elementor-animated-content\" href=\"https:\/\/artezaleak.eus\/wp-content\/uploads\/2024\/12\/buztina-txori.jpg\" data-elementor-open-lightbox=\"yes\" data-elementor-lightbox-slideshow=\"7aa0fbd\" data-e-action-hash=\"#elementor-action%3Aaction%3Dlightbox%26settings%3DeyJpZCI6NTAyNCwidXJsIjoiaHR0cHM6XC9cL2FydGV6YWxlYWsuZXVzXC93cC1jb250ZW50XC91cGxvYWRzXC8yMDI0XC8xMlwvYnV6dGluYS10eG9yaS5qcGciLCJzbGlkZXNob3ciOiI3YWEwZmJkIn0%3D\">\n\t\t\t\t\t<div class=\"e-gallery-image elementor-gallery-item__image\" data-thumbnail=\"https:\/\/artezaleak.eus\/wp-content\/uploads\/2024\/12\/buztina-txori-269x300.jpg\" data-width=\"269\" data-height=\"300\" aria-label=\"\" role=\"img\" ><\/div>\n\t\t\t\t\t\t\t\t\t\t\t<div class=\"elementor-gallery-item__overlay\"><\/div>\n\t\t\t\t\t\t\t\t\t\t\t\t\t\t<\/a>\n\t\t\t\t\t\t\t<a class=\"e-gallery-item elementor-gallery-item elementor-animated-content\" href=\"https:\/\/artezaleak.eus\/wp-content\/uploads\/2024\/12\/buztina-collage.jpg\" data-elementor-open-lightbox=\"yes\" data-elementor-lightbox-slideshow=\"7aa0fbd\" data-e-action-hash=\"#elementor-action%3Aaction%3Dlightbox%26settings%3DeyJpZCI6NTAyNiwidXJsIjoiaHR0cHM6XC9cL2FydGV6YWxlYWsuZXVzXC93cC1jb250ZW50XC91cGxvYWRzXC8yMDI0XC8xMlwvYnV6dGluYS1jb2xsYWdlLmpwZyIsInNsaWRlc2hvdyI6IjdhYTBmYmQifQ%3D%3D\">\n\t\t\t\t\t<div class=\"e-gallery-image elementor-gallery-item__image\" data-thumbnail=\"https:\/\/artezaleak.eus\/wp-content\/uploads\/2024\/12\/buztina-collage-300x226.jpg\" data-width=\"300\" data-height=\"226\" aria-label=\"\" role=\"img\" ><\/div>\n\t\t\t\t\t\t\t\t\t\t\t<div class=\"elementor-gallery-item__overlay\"><\/div>\n\t\t\t\t\t\t\t\t\t\t\t\t\t\t<\/a>\n\t\t\t\t\t\t\t<a class=\"e-gallery-item elementor-gallery-item elementor-animated-content\" href=\"https:\/\/artezaleak.eus\/wp-content\/uploads\/2024\/11\/buztina-taza.jpg\" data-elementor-open-lightbox=\"yes\" data-elementor-lightbox-slideshow=\"7aa0fbd\" data-e-action-hash=\"#elementor-action%3Aaction%3Dlightbox%26settings%3DeyJpZCI6NDUwNywidXJsIjoiaHR0cHM6XC9cL2FydGV6YWxlYWsuZXVzXC93cC1jb250ZW50XC91cGxvYWRzXC8yMDI0XC8xMVwvYnV6dGluYS10YXphLmpwZyIsInNsaWRlc2hvdyI6IjdhYTBmYmQifQ%3D%3D\">\n\t\t\t\t\t<div class=\"e-gallery-image elementor-gallery-item__image\" data-thumbnail=\"https:\/\/artezaleak.eus\/wp-content\/uploads\/2024\/11\/buztina-taza-300x200.jpg\" data-width=\"300\" data-height=\"200\" aria-label=\"\" role=\"img\" ><\/div>\n\t\t\t\t\t\t\t\t\t\t\t<div class=\"elementor-gallery-item__overlay\"><\/div>\n\t\t\t\t\t\t\t\t\t\t\t\t\t\t<\/a>\n\t\t\t\t\t<\/div>\n\t\t\t\t\t<\/div>\n\t\t\t\t<\/div>\n\t\t\t\t<div class=\"elementor-element elementor-element-c4708ea elementor-widget__width-initial elementor-widget-divider--view-line elementor-widget elementor-widget-divider\" data-id=\"c4708ea\" data-element_type=\"widget\" data-e-type=\"widget\" data-widget_type=\"divider.default\">\n\t\t\t\t<div class=\"elementor-widget-container\">\n\t\t\t\t\t\t\t<div class=\"elementor-divider\">\n\t\t\t<span class=\"elementor-divider-separator\">\n\t\t\t\t\t\t<\/span>\n\t\t<\/div>\n\t\t\t\t\t\t<\/div>\n\t\t\t\t<\/div>\n\t\t\t\t<div class=\"elementor-element elementor-element-b58a364 elementor-align-left elementor-widget elementor-widget-button\" data-id=\"b58a364\" data-element_type=\"widget\" data-e-type=\"widget\" data-widget_type=\"button.default\">\n\t\t\t\t<div class=\"elementor-widget-container\">\n\t\t\t\t\t\t\t\t\t<div class=\"elementor-button-wrapper\">\n\t\t\t\t\t<a class=\"elementor-button elementor-button-link elementor-size-sm elementor-animation-shrink\" href=\"https:\/\/artezaleak.eus\/es\/talleres\/\">\n\t\t\t\t\t\t<span class=\"elementor-button-content-wrapper\">\n\t\t\t\t\t\t<span class=\"elementor-button-icon\">\n\t\t\t\t<svg xmlns=\"http:\/\/www.w3.org\/2000\/svg\" id=\"fb1ba545-369a-4787-8f5c-a6afb4a11530\" data-name=\"Layer 1\" width=\"16.2764\" height=\"16.6475\" viewBox=\"0 0 16.2764 16.6475\"><path d=\"M16.2852,7.6343,3.498,7.6348,9.793,1.7412,8.4258.2812.3252,7.8652a1,1,0,0,0-.002,1.458l8.08,7.6055,1.3711-1.457L3.5723,9.6348H16.2852Z\" transform=\"translate(-0.0088 -0.2813)\"><\/path><\/svg>\t\t\t<\/span>\n\t\t\t\t\t\t\t\t\t<span class=\"elementor-button-text\">Talleres<\/span>\n\t\t\t\t\t<\/span>\n\t\t\t\t\t<\/a>\n\t\t\t\t<\/div>\n\t\t\t\t\t\t\t\t<\/div>\n\t\t\t\t<\/div>\n\t\t\t\t\t<\/div>\n\t\t<\/div>\n\t\t\t\t\t<\/div>\n\t\t<\/section>\n\t\t\t\t<\/div>\n\t\t","protected":false},"excerpt":{"rendered":"<p>#Cer\u00e1mica #Modelado #Arcilla #Escultura #Taller #Manualidades #Creativo #Manos #Ni\u00f1os<\/p>\n","protected":false},"author":5,"featured_media":4053,"parent":4216,"menu_order":0,"comment_status":"closed","ping_status":"closed","template":"","meta":{"footnotes":""},"class_list":["post-4199","page","type-page","status-publish","has-post-thumbnail","hentry"],"_links":{"self":[{"href":"https:\/\/artezaleak.eus\/es\/wp-json\/wp\/v2\/pages\/4199","targetHints":{"allow":["GET"]}}],"collection":[{"href":"https:\/\/artezaleak.eus\/es\/wp-json\/wp\/v2\/pages"}],"about":[{"href":"https:\/\/artezaleak.eus\/es\/wp-json\/wp\/v2\/types\/page"}],"author":[{"embeddable":true,"href":"https:\/\/artezaleak.eus\/es\/wp-json\/wp\/v2\/users\/5"}],"replies":[{"embeddable":true,"href":"https:\/\/artezaleak.eus\/es\/wp-json\/wp\/v2\/comments?post=4199"}],"version-history":[{"count":7,"href":"https:\/\/artezaleak.eus\/es\/wp-json\/wp\/v2\/pages\/4199\/revisions"}],"predecessor-version":[{"id":5438,"href":"https:\/\/artezaleak.eus\/es\/wp-json\/wp\/v2\/pages\/4199\/revisions\/5438"}],"up":[{"embeddable":true,"href":"https:\/\/artezaleak.eus\/es\/wp-json\/wp\/v2\/pages\/4216"}],"wp:featuredmedia":[{"embeddable":true,"href":"https:\/\/artezaleak.eus\/es\/wp-json\/wp\/v2\/media\/4053"}],"wp:attachment":[{"href":"https:\/\/artezaleak.eus\/es\/wp-json\/wp\/v2\/media?parent=4199"}],"curies":[{"name":"wp","href":"https:\/\/api.w.org\/{rel}","templated":true}]}}