{"id":4257,"date":"2024-10-31T13:23:20","date_gmt":"2024-10-31T12:23:20","guid":{"rendered":"https:\/\/artezaleak.eus\/pintura-avanzada\/"},"modified":"2025-04-17T09:44:42","modified_gmt":"2025-04-17T08:44:42","slug":"pintura-avanzada","status":"publish","type":"page","link":"https:\/\/artezaleak.eus\/es\/talleres\/pintura-avanzada\/","title":{"rendered":"Pintura avanzada"},"content":{"rendered":"\t\t<div data-elementor-type=\"wp-page\" data-elementor-id=\"4257\" class=\"elementor elementor-4257 elementor-4250\" data-elementor-post-type=\"page\">\n\t\t\t\t\t\t<section class=\"elementor-section elementor-top-section elementor-element elementor-element-a6f9fb8 elementor-section-boxed elementor-section-height-default elementor-section-height-default\" data-id=\"a6f9fb8\" data-element_type=\"section\" data-e-type=\"section\">\n\t\t\t\t\t\t<div class=\"elementor-container elementor-column-gap-no\">\n\t\t\t\t\t<div class=\"elementor-column elementor-col-100 elementor-top-column elementor-element elementor-element-401b2f1\" data-id=\"401b2f1\" data-element_type=\"column\" data-e-type=\"column\">\n\t\t\t<div class=\"elementor-widget-wrap elementor-element-populated\">\n\t\t\t\t\t\t<div class=\"elementor-element elementor-element-b6b44ec elementor-widget elementor-widget-heading\" data-id=\"b6b44ec\" data-element_type=\"widget\" data-e-type=\"widget\" data-widget_type=\"heading.default\">\n\t\t\t\t<div class=\"elementor-widget-container\">\n\t\t\t\t\t<h2 class=\"elementor-heading-title elementor-size-default\">Pintura Avanzada<\/h2>\t\t\t\t<\/div>\n\t\t\t\t<\/div>\n\t\t\t\t<div class=\"elementor-element elementor-element-81fa140 elementor-widget-divider--view-line elementor-widget elementor-widget-divider\" data-id=\"81fa140\" data-element_type=\"widget\" data-e-type=\"widget\" data-widget_type=\"divider.default\">\n\t\t\t\t<div class=\"elementor-widget-container\">\n\t\t\t\t\t\t\t<div class=\"elementor-divider\">\n\t\t\t<span class=\"elementor-divider-separator\">\n\t\t\t\t\t\t<\/span>\n\t\t<\/div>\n\t\t\t\t\t\t<\/div>\n\t\t\t\t<\/div>\n\t\t\t\t\t<\/div>\n\t\t<\/div>\n\t\t\t\t\t<\/div>\n\t\t<\/section>\n\t\t\t\t<section class=\"elementor-section elementor-top-section elementor-element elementor-element-9f472aa elementor-section-boxed elementor-section-height-default elementor-section-height-default\" data-id=\"9f472aa\" data-element_type=\"section\" data-e-type=\"section\">\n\t\t\t\t\t\t<div class=\"elementor-container elementor-column-gap-no\">\n\t\t\t\t\t<div class=\"elementor-column elementor-col-50 elementor-top-column elementor-element elementor-element-96fb796\" data-id=\"96fb796\" data-element_type=\"column\" data-e-type=\"column\">\n\t\t\t<div class=\"elementor-widget-wrap elementor-element-populated\">\n\t\t\t\t\t\t<div class=\"elementor-element elementor-element-43be549 elementor-widget elementor-widget-text-editor\" data-id=\"43be549\" data-element_type=\"widget\" data-e-type=\"widget\" data-widget_type=\"text-editor.default\">\n\t\t\t\t<div class=\"elementor-widget-container\">\n\t\t\t\t\t\t\t\t\t<p><strong>Profesor<\/strong><br>Manu Muniategi<\/p>\n<p><strong>NIvel<\/strong><br>Adultos<\/p>\n<p><strong>Horario de ma\u00f1ana<\/strong><br>Lunes 9:30 &#8211; 12:00<\/p>\n<p><strong>Horario de tarde<\/strong><br>Lunes 18:30 &#8211; 21:00<\/p>\n<p><strong>+info<\/strong><br>pintura@artezaleak.eus<\/p>\t\t\t\t\t\t\t\t<\/div>\n\t\t\t\t<\/div>\n\t\t\t\t\t<\/div>\n\t\t<\/div>\n\t\t\t\t<div class=\"elementor-column elementor-col-50 elementor-top-column elementor-element elementor-element-1041518\" data-id=\"1041518\" data-element_type=\"column\" data-e-type=\"column\">\n\t\t\t<div class=\"elementor-widget-wrap elementor-element-populated\">\n\t\t\t\t\t\t<div class=\"elementor-element elementor-element-7b04c10 elementor-widget elementor-widget-text-editor\" data-id=\"7b04c10\" data-element_type=\"widget\" data-e-type=\"widget\" data-widget_type=\"text-editor.default\">\n\t\t\t\t<div class=\"elementor-widget-container\">\n\t\t\t\t\t\t\t\t\t<p>Curso te\u00f3rico que combina el estudio, la reflexi\u00f3n y la pr\u00e1ctica de obras de arte.<br \/>pr\u00e1ctica especializada; mirada, percepci\u00f3n, t\u00e9cnica, estilos&#8230;<\/p>\n\t\t\t\t\t\t\t\t<\/div>\n\t\t\t\t<\/div>\n\t\t\t\t<div class=\"elementor-element elementor-element-c4708ea elementor-widget__width-initial elementor-widget-divider--view-line elementor-widget elementor-widget-divider\" data-id=\"c4708ea\" data-element_type=\"widget\" data-e-type=\"widget\" data-widget_type=\"divider.default\">\n\t\t\t\t<div class=\"elementor-widget-container\">\n\t\t\t\t\t\t\t<div class=\"elementor-divider\">\n\t\t\t<span class=\"elementor-divider-separator\">\n\t\t\t\t\t\t<\/span>\n\t\t<\/div>\n\t\t\t\t\t\t<\/div>\n\t\t\t\t<\/div>\n\t\t\t\t<div class=\"elementor-element elementor-element-b58a364 elementor-align-left elementor-widget elementor-widget-button\" data-id=\"b58a364\" data-element_type=\"widget\" data-e-type=\"widget\" data-widget_type=\"button.default\">\n\t\t\t\t<div class=\"elementor-widget-container\">\n\t\t\t\t\t\t\t\t\t<div class=\"elementor-button-wrapper\">\n\t\t\t\t\t<a class=\"elementor-button elementor-button-link elementor-size-sm elementor-animation-shrink\" href=\"https:\/\/artezaleak.eus\/es\/talleres\/\">\n\t\t\t\t\t\t<span class=\"elementor-button-content-wrapper\">\n\t\t\t\t\t\t<span class=\"elementor-button-icon\">\n\t\t\t\t<svg xmlns=\"http:\/\/www.w3.org\/2000\/svg\" id=\"fb1ba545-369a-4787-8f5c-a6afb4a11530\" data-name=\"Layer 1\" width=\"16.2764\" height=\"16.6475\" viewBox=\"0 0 16.2764 16.6475\"><path d=\"M16.2852,7.6343,3.498,7.6348,9.793,1.7412,8.4258.2812.3252,7.8652a1,1,0,0,0-.002,1.458l8.08,7.6055,1.3711-1.457L3.5723,9.6348H16.2852Z\" transform=\"translate(-0.0088 -0.2813)\"><\/path><\/svg>\t\t\t<\/span>\n\t\t\t\t\t\t\t\t\t<span class=\"elementor-button-text\">Talleres<\/span>\n\t\t\t\t\t<\/span>\n\t\t\t\t\t<\/a>\n\t\t\t\t<\/div>\n\t\t\t\t\t\t\t\t<\/div>\n\t\t\t\t<\/div>\n\t\t\t\t\t<\/div>\n\t\t<\/div>\n\t\t\t\t\t<\/div>\n\t\t<\/section>\n\t\t\t\t<\/div>\n\t\t","protected":false},"excerpt":{"rendered":"<p>#Pintura #Color #Arte #Lienzo #Pincel #Creatividad #Expresi\u00f3n #T\u00e9cnicas #Dise\u00f1o #Inspirar<\/p>\n","protected":false},"author":5,"featured_media":4002,"parent":4216,"menu_order":0,"comment_status":"closed","ping_status":"closed","template":"","meta":{"footnotes":""},"class_list":["post-4257","page","type-page","status-publish","has-post-thumbnail","hentry"],"_links":{"self":[{"href":"https:\/\/artezaleak.eus\/es\/wp-json\/wp\/v2\/pages\/4257","targetHints":{"allow":["GET"]}}],"collection":[{"href":"https:\/\/artezaleak.eus\/es\/wp-json\/wp\/v2\/pages"}],"about":[{"href":"https:\/\/artezaleak.eus\/es\/wp-json\/wp\/v2\/types\/page"}],"author":[{"embeddable":true,"href":"https:\/\/artezaleak.eus\/es\/wp-json\/wp\/v2\/users\/5"}],"replies":[{"embeddable":true,"href":"https:\/\/artezaleak.eus\/es\/wp-json\/wp\/v2\/comments?post=4257"}],"version-history":[{"count":6,"href":"https:\/\/artezaleak.eus\/es\/wp-json\/wp\/v2\/pages\/4257\/revisions"}],"predecessor-version":[{"id":5428,"href":"https:\/\/artezaleak.eus\/es\/wp-json\/wp\/v2\/pages\/4257\/revisions\/5428"}],"up":[{"embeddable":true,"href":"https:\/\/artezaleak.eus\/es\/wp-json\/wp\/v2\/pages\/4216"}],"wp:featuredmedia":[{"embeddable":true,"href":"https:\/\/artezaleak.eus\/es\/wp-json\/wp\/v2\/media\/4002"}],"wp:attachment":[{"href":"https:\/\/artezaleak.eus\/es\/wp-json\/wp\/v2\/media?parent=4257"}],"curies":[{"name":"wp","href":"https:\/\/api.w.org\/{rel}","templated":true}]}}