{"id":4281,"date":"2024-10-31T12:41:14","date_gmt":"2024-10-31T11:41:14","guid":{"rendered":"https:\/\/artezaleak.eus\/costura\/"},"modified":"2026-04-29T07:44:26","modified_gmt":"2026-04-29T06:44:26","slug":"costura","status":"publish","type":"page","link":"https:\/\/artezaleak.eus\/es\/talleres\/costura\/","title":{"rendered":"Costura"},"content":{"rendered":"\t\t<div data-elementor-type=\"wp-page\" data-elementor-id=\"4281\" class=\"elementor elementor-4281 elementor-4271\" data-elementor-post-type=\"page\">\n\t\t\t\t\t\t<section class=\"elementor-section elementor-top-section elementor-element elementor-element-a6f9fb8 elementor-section-boxed elementor-section-height-default elementor-section-height-default\" data-id=\"a6f9fb8\" data-element_type=\"section\" data-e-type=\"section\">\n\t\t\t\t\t\t<div class=\"elementor-container elementor-column-gap-no\">\n\t\t\t\t\t<div class=\"elementor-column elementor-col-100 elementor-top-column elementor-element elementor-element-401b2f1\" data-id=\"401b2f1\" data-element_type=\"column\" data-e-type=\"column\">\n\t\t\t<div class=\"elementor-widget-wrap elementor-element-populated\">\n\t\t\t\t\t\t<div class=\"elementor-element elementor-element-b6b44ec elementor-widget elementor-widget-heading\" data-id=\"b6b44ec\" data-element_type=\"widget\" data-e-type=\"widget\" data-widget_type=\"heading.default\">\n\t\t\t\t<div class=\"elementor-widget-container\">\n\t\t\t\t\t<h2 class=\"elementor-heading-title elementor-size-default\">Costura<\/h2>\t\t\t\t<\/div>\n\t\t\t\t<\/div>\n\t\t\t\t<div class=\"elementor-element elementor-element-81fa140 elementor-widget-divider--view-line elementor-widget elementor-widget-divider\" data-id=\"81fa140\" data-element_type=\"widget\" data-e-type=\"widget\" data-widget_type=\"divider.default\">\n\t\t\t\t<div class=\"elementor-widget-container\">\n\t\t\t\t\t\t\t<div class=\"elementor-divider\">\n\t\t\t<span class=\"elementor-divider-separator\">\n\t\t\t\t\t\t<\/span>\n\t\t<\/div>\n\t\t\t\t\t\t<\/div>\n\t\t\t\t<\/div>\n\t\t\t\t\t<\/div>\n\t\t<\/div>\n\t\t\t\t\t<\/div>\n\t\t<\/section>\n\t\t\t\t<section class=\"elementor-section elementor-top-section elementor-element elementor-element-9f472aa elementor-section-boxed elementor-section-height-default elementor-section-height-default\" data-id=\"9f472aa\" data-element_type=\"section\" data-e-type=\"section\">\n\t\t\t\t\t\t<div class=\"elementor-container elementor-column-gap-no\">\n\t\t\t\t\t<div class=\"elementor-column elementor-col-50 elementor-top-column elementor-element elementor-element-96fb796\" data-id=\"96fb796\" data-element_type=\"column\" data-e-type=\"column\">\n\t\t\t<div class=\"elementor-widget-wrap elementor-element-populated\">\n\t\t\t\t\t\t<div class=\"elementor-element elementor-element-43be549 elementor-widget elementor-widget-text-editor\" data-id=\"43be549\" data-element_type=\"widget\" data-e-type=\"widget\" data-widget_type=\"text-editor.default\">\n\t\t\t\t<div class=\"elementor-widget-container\">\n\t\t\t\t\t\t\t\t\t<p><strong>Profesora<\/strong><br \/>Edurne Larra\u00f1aga<\/p>\n<p>Modalidad<br \/>Adultos<\/p>\n<p><strong>Horario ma\u00f1anas<br \/><\/strong>Lunes 9:30 &#8211; 12:00<br \/>Martes 9:30 &#8211; 12:00<br \/>Jueves 9:30 &#8211; 12:00<\/p>\n<p><strong>Horario tardes<\/strong><br \/>Martes 16:00 &#8211; 18:30 <br \/>eta 18:30 &#8211; 21:00<br \/>Mi\u00e9rcoles 16:00 &#8211; 18:30<br \/>eta 18:30 &#8211; 21:00<br \/>Jueves 16:30 &#8211; 19:00<\/p>\n<p><strong>+info<\/strong><br \/>joskintza@artezaleak.eus<\/p>\n\t\t\t\t\t\t\t\t<\/div>\n\t\t\t\t<\/div>\n\t\t\t\t\t<\/div>\n\t\t<\/div>\n\t\t\t\t<div class=\"elementor-column elementor-col-50 elementor-top-column elementor-element elementor-element-1041518\" data-id=\"1041518\" data-element_type=\"column\" data-e-type=\"column\">\n\t\t\t<div class=\"elementor-widget-wrap elementor-element-populated\">\n\t\t\t\t\t\t<div class=\"elementor-element elementor-element-7b04c10 elementor-widget elementor-widget-text-editor\" data-id=\"7b04c10\" data-element_type=\"widget\" data-e-type=\"widget\" data-widget_type=\"text-editor.default\">\n\t\t\t\t<div class=\"elementor-widget-container\">\n\t\t\t\t\t\t\t\t\t<p>Si te apasiona la moda y la creatividad, el taller de costura es el lugar ideal para aprender a dar vida a tus ideas textiles. Desde los fundamentos b\u00e1sicos como enhebrar la aguja y coser a mano, hasta el uso de m\u00e1quinas de coser y t\u00e9cnicas avanzadas, explorar\u00e1s todas las herramientas y conocimientos para crear prendas \u00fanicas. Aprender\u00e1s a realizar patrones, hacer ajustes y a confeccionar ropa y accesorios a tu medida. Tambi\u00e9n trabajaremos en t\u00e9cnicas de personalizaci\u00f3n y reparaci\u00f3n, para que puedas transformar y reutilizar tus prendas favoritas. Este taller es perfecto para quienes desean adentrarse en el mundo de la moda sostenible, creando piezas \u00fanicas que reflejen su estilo personal.    <\/p>\n\t\t\t\t\t\t\t\t<\/div>\n\t\t\t\t<\/div>\n\t\t\t\t<div class=\"elementor-element elementor-element-6e3d64d elementor-widget elementor-widget-image\" data-id=\"6e3d64d\" data-element_type=\"widget\" data-e-type=\"widget\" data-widget_type=\"image.default\">\n\t\t\t\t<div class=\"elementor-widget-container\">\n\t\t\t\t\t\t\t\t\t\t\t\t\t\t\t<img fetchpriority=\"high\" decoding=\"async\" width=\"2250\" height=\"1500\" src=\"https:\/\/artezaleak.eus\/wp-content\/uploads\/2024\/11\/patrones.jpg\" class=\"attachment-full size-full wp-image-4357\" alt=\"\" srcset=\"https:\/\/artezaleak.eus\/wp-content\/uploads\/2024\/11\/patrones.jpg.webp 2250w, https:\/\/artezaleak.eus\/wp-content\/uploads\/2024\/11\/patrones-300x200.jpg.webp 300w, https:\/\/artezaleak.eus\/wp-content\/uploads\/2024\/11\/patrones-1024x683.jpg.webp 1024w, https:\/\/artezaleak.eus\/wp-content\/uploads\/2024\/11\/patrones-768x512.jpg.webp 768w, https:\/\/artezaleak.eus\/wp-content\/uploads\/2024\/11\/patrones-1536x1024.jpg.webp 1536w, https:\/\/artezaleak.eus\/wp-content\/uploads\/2024\/11\/patrones-2048x1365.jpg.webp 2048w\" sizes=\"(max-width: 2250px) 100vw, 2250px\" \/>\t\t\t\t\t\t\t\t\t\t\t\t\t\t\t<\/div>\n\t\t\t\t<\/div>\n\t\t\t\t<div class=\"elementor-element elementor-element-88576e9 elementor-widget elementor-widget-gallery\" data-id=\"88576e9\" data-element_type=\"widget\" data-e-type=\"widget\" data-settings=\"{&quot;gallery_layout&quot;:&quot;masonry&quot;,&quot;lazyload&quot;:&quot;yes&quot;,&quot;columns&quot;:4,&quot;columns_tablet&quot;:2,&quot;columns_mobile&quot;:1,&quot;gap&quot;:{&quot;unit&quot;:&quot;px&quot;,&quot;size&quot;:10,&quot;sizes&quot;:[]},&quot;gap_tablet&quot;:{&quot;unit&quot;:&quot;px&quot;,&quot;size&quot;:10,&quot;sizes&quot;:[]},&quot;gap_mobile&quot;:{&quot;unit&quot;:&quot;px&quot;,&quot;size&quot;:10,&quot;sizes&quot;:[]},&quot;link_to&quot;:&quot;file&quot;,&quot;overlay_background&quot;:&quot;yes&quot;,&quot;content_hover_animation&quot;:&quot;fade-in&quot;}\" data-widget_type=\"gallery.default\">\n\t\t\t\t<div class=\"elementor-widget-container\">\n\t\t\t\t\t\t\t<div class=\"elementor-gallery__container\">\n\t\t\t\t\t\t\t<a class=\"e-gallery-item elementor-gallery-item elementor-animated-content\" href=\"https:\/\/artezaleak.eus\/wp-content\/uploads\/2024\/11\/1730656062383.jpg\" data-elementor-open-lightbox=\"yes\" data-elementor-lightbox-slideshow=\"88576e9\" data-elementor-lightbox-title=\"Chaqueta\" data-e-action-hash=\"#elementor-action%3Aaction%3Dlightbox%26settings%3DeyJpZCI6NDM0NywidXJsIjoiaHR0cHM6XC9cL2FydGV6YWxlYWsuZXVzXC93cC1jb250ZW50XC91cGxvYWRzXC8yMDI0XC8xMVwvMTczMDY1NjA2MjM4My5qcGciLCJzbGlkZXNob3ciOiI4ODU3NmU5In0%3D\">\n\t\t\t\t\t<div class=\"e-gallery-image elementor-gallery-item__image\" data-thumbnail=\"https:\/\/artezaleak.eus\/wp-content\/uploads\/2024\/11\/1730656062383-256x300.jpg\" data-width=\"256\" data-height=\"300\" aria-label=\"\" role=\"img\" ><\/div>\n\t\t\t\t\t\t\t\t\t\t\t<div class=\"elementor-gallery-item__overlay\"><\/div>\n\t\t\t\t\t\t\t\t\t\t\t\t\t\t<\/a>\n\t\t\t\t\t\t\t<a class=\"e-gallery-item elementor-gallery-item elementor-animated-content\" href=\"https:\/\/artezaleak.eus\/wp-content\/uploads\/2024\/11\/1730656062244.jpg\" data-elementor-open-lightbox=\"yes\" data-elementor-lightbox-slideshow=\"88576e9\" data-elementor-lightbox-title=\"Costura\" data-e-action-hash=\"#elementor-action%3Aaction%3Dlightbox%26settings%3DeyJpZCI6NDM0MywidXJsIjoiaHR0cHM6XC9cL2FydGV6YWxlYWsuZXVzXC93cC1jb250ZW50XC91cGxvYWRzXC8yMDI0XC8xMVwvMTczMDY1NjA2MjI0NC5qcGciLCJzbGlkZXNob3ciOiI4ODU3NmU5In0%3D\">\n\t\t\t\t\t<div class=\"e-gallery-image elementor-gallery-item__image\" data-thumbnail=\"https:\/\/artezaleak.eus\/wp-content\/uploads\/2024\/11\/1730656062244-256x300.jpg\" data-width=\"256\" data-height=\"300\" aria-label=\"\" role=\"img\" ><\/div>\n\t\t\t\t\t\t\t\t\t\t\t<div class=\"elementor-gallery-item__overlay\"><\/div>\n\t\t\t\t\t\t\t\t\t\t\t\t\t\t<\/a>\n\t\t\t\t\t\t\t<a class=\"e-gallery-item elementor-gallery-item elementor-animated-content\" href=\"https:\/\/artezaleak.eus\/wp-content\/uploads\/2024\/11\/1730656062180.jpg\" data-elementor-open-lightbox=\"yes\" data-elementor-lightbox-slideshow=\"88576e9\" data-elementor-lightbox-title=\"Body\" data-e-action-hash=\"#elementor-action%3Aaction%3Dlightbox%26settings%3DeyJpZCI6NDM0MSwidXJsIjoiaHR0cHM6XC9cL2FydGV6YWxlYWsuZXVzXC93cC1jb250ZW50XC91cGxvYWRzXC8yMDI0XC8xMVwvMTczMDY1NjA2MjE4MC5qcGciLCJzbGlkZXNob3ciOiI4ODU3NmU5In0%3D\">\n\t\t\t\t\t<div class=\"e-gallery-image elementor-gallery-item__image\" data-thumbnail=\"https:\/\/artezaleak.eus\/wp-content\/uploads\/2024\/11\/1730656062180-256x300.jpg\" data-width=\"256\" data-height=\"300\" aria-label=\"\" role=\"img\" ><\/div>\n\t\t\t\t\t\t\t\t\t\t\t<div class=\"elementor-gallery-item__overlay\"><\/div>\n\t\t\t\t\t\t\t\t\t\t\t\t\t\t<\/a>\n\t\t\t\t\t\t\t<a class=\"e-gallery-item elementor-gallery-item elementor-animated-content\" href=\"https:\/\/artezaleak.eus\/wp-content\/uploads\/2024\/11\/1730656062316.jpg\" data-elementor-open-lightbox=\"yes\" data-elementor-lightbox-slideshow=\"88576e9\" data-elementor-lightbox-title=\"Vestido\" data-e-action-hash=\"#elementor-action%3Aaction%3Dlightbox%26settings%3DeyJpZCI6NDM0NSwidXJsIjoiaHR0cHM6XC9cL2FydGV6YWxlYWsuZXVzXC93cC1jb250ZW50XC91cGxvYWRzXC8yMDI0XC8xMVwvMTczMDY1NjA2MjMxNi5qcGciLCJzbGlkZXNob3ciOiI4ODU3NmU5In0%3D\">\n\t\t\t\t\t<div class=\"e-gallery-image elementor-gallery-item__image\" data-thumbnail=\"https:\/\/artezaleak.eus\/wp-content\/uploads\/2024\/11\/1730656062316-256x300.jpg\" data-width=\"256\" data-height=\"300\" aria-label=\"\" role=\"img\" ><\/div>\n\t\t\t\t\t\t\t\t\t\t\t<div class=\"elementor-gallery-item__overlay\"><\/div>\n\t\t\t\t\t\t\t\t\t\t\t\t\t\t<\/a>\n\t\t\t\t\t\t\t<a class=\"e-gallery-item elementor-gallery-item elementor-animated-content\" href=\"https:\/\/artezaleak.eus\/wp-content\/uploads\/2024\/11\/costura-maquina.jpg\" data-elementor-open-lightbox=\"yes\" data-elementor-lightbox-slideshow=\"88576e9\" data-elementor-lightbox-title=\"costura-maquina\" data-e-action-hash=\"#elementor-action%3Aaction%3Dlightbox%26settings%3DeyJpZCI6NDM1OSwidXJsIjoiaHR0cHM6XC9cL2FydGV6YWxlYWsuZXVzXC93cC1jb250ZW50XC91cGxvYWRzXC8yMDI0XC8xMVwvY29zdHVyYS1tYXF1aW5hLmpwZyIsInNsaWRlc2hvdyI6Ijg4NTc2ZTkifQ%3D%3D\">\n\t\t\t\t\t<div class=\"e-gallery-image elementor-gallery-item__image\" data-thumbnail=\"https:\/\/artezaleak.eus\/wp-content\/uploads\/2024\/11\/costura-maquina-300x225.jpg\" data-width=\"300\" data-height=\"225\" aria-label=\"\" role=\"img\" ><\/div>\n\t\t\t\t\t\t\t\t\t\t\t<div class=\"elementor-gallery-item__overlay\"><\/div>\n\t\t\t\t\t\t\t\t\t\t\t\t\t\t<\/a>\n\t\t\t\t\t\t\t<a class=\"e-gallery-item elementor-gallery-item elementor-animated-content\" href=\"https:\/\/artezaleak.eus\/wp-content\/uploads\/2024\/11\/alfiletero.jpg\" data-elementor-open-lightbox=\"yes\" data-elementor-lightbox-slideshow=\"88576e9\" data-elementor-lightbox-title=\"alfiletero\" data-e-action-hash=\"#elementor-action%3Aaction%3Dlightbox%26settings%3DeyJpZCI6NDM1NSwidXJsIjoiaHR0cHM6XC9cL2FydGV6YWxlYWsuZXVzXC93cC1jb250ZW50XC91cGxvYWRzXC8yMDI0XC8xMVwvYWxmaWxldGVyby5qcGciLCJzbGlkZXNob3ciOiI4ODU3NmU5In0%3D\">\n\t\t\t\t\t<div class=\"e-gallery-image elementor-gallery-item__image\" data-thumbnail=\"https:\/\/artezaleak.eus\/wp-content\/uploads\/2024\/11\/alfiletero-300x200.jpg\" data-width=\"300\" data-height=\"200\" aria-label=\"\" role=\"img\" ><\/div>\n\t\t\t\t\t\t\t\t\t\t\t<div class=\"elementor-gallery-item__overlay\"><\/div>\n\t\t\t\t\t\t\t\t\t\t\t\t\t\t<\/a>\n\t\t\t\t\t\t\t<a class=\"e-gallery-item elementor-gallery-item elementor-animated-content\" href=\"https:\/\/artezaleak.eus\/wp-content\/uploads\/2024\/11\/1730664433887.jpg\" data-elementor-open-lightbox=\"yes\" data-elementor-lightbox-slideshow=\"88576e9\" data-e-action-hash=\"#elementor-action%3Aaction%3Dlightbox%26settings%3DeyJpZCI6NDM0OSwidXJsIjoiaHR0cHM6XC9cL2FydGV6YWxlYWsuZXVzXC93cC1jb250ZW50XC91cGxvYWRzXC8yMDI0XC8xMVwvMTczMDY2NDQzMzg4Ny5qcGciLCJzbGlkZXNob3ciOiI4ODU3NmU5In0%3D\">\n\t\t\t\t\t<div class=\"e-gallery-image elementor-gallery-item__image\" data-thumbnail=\"https:\/\/artezaleak.eus\/wp-content\/uploads\/2024\/11\/1730664433887-256x300.jpg\" data-width=\"256\" data-height=\"300\" aria-label=\"\" role=\"img\" ><\/div>\n\t\t\t\t\t\t\t\t\t\t\t<div class=\"elementor-gallery-item__overlay\"><\/div>\n\t\t\t\t\t\t\t\t\t\t\t\t\t\t<\/a>\n\t\t\t\t\t<\/div>\n\t\t\t\t\t<\/div>\n\t\t\t\t<\/div>\n\t\t\t\t<div class=\"elementor-element elementor-element-c4708ea elementor-widget__width-initial elementor-widget-divider--view-line elementor-widget elementor-widget-divider\" data-id=\"c4708ea\" data-element_type=\"widget\" data-e-type=\"widget\" data-widget_type=\"divider.default\">\n\t\t\t\t<div class=\"elementor-widget-container\">\n\t\t\t\t\t\t\t<div class=\"elementor-divider\">\n\t\t\t<span class=\"elementor-divider-separator\">\n\t\t\t\t\t\t<\/span>\n\t\t<\/div>\n\t\t\t\t\t\t<\/div>\n\t\t\t\t<\/div>\n\t\t\t\t<div class=\"elementor-element elementor-element-b58a364 elementor-align-left elementor-widget elementor-widget-button\" data-id=\"b58a364\" data-element_type=\"widget\" data-e-type=\"widget\" data-widget_type=\"button.default\">\n\t\t\t\t<div class=\"elementor-widget-container\">\n\t\t\t\t\t\t\t\t\t<div class=\"elementor-button-wrapper\">\n\t\t\t\t\t<a class=\"elementor-button elementor-button-link elementor-size-sm elementor-animation-shrink\" href=\"https:\/\/artezaleak.eus\/es\/talleres\/\">\n\t\t\t\t\t\t<span class=\"elementor-button-content-wrapper\">\n\t\t\t\t\t\t<span class=\"elementor-button-icon\">\n\t\t\t\t<svg xmlns=\"http:\/\/www.w3.org\/2000\/svg\" id=\"fb1ba545-369a-4787-8f5c-a6afb4a11530\" data-name=\"Layer 1\" width=\"16.2764\" height=\"16.6475\" viewBox=\"0 0 16.2764 16.6475\"><path d=\"M16.2852,7.6343,3.498,7.6348,9.793,1.7412,8.4258.2812.3252,7.8652a1,1,0,0,0-.002,1.458l8.08,7.6055,1.3711-1.457L3.5723,9.6348H16.2852Z\" transform=\"translate(-0.0088 -0.2813)\"><\/path><\/svg>\t\t\t<\/span>\n\t\t\t\t\t\t\t\t\t<span class=\"elementor-button-text\">Talleres<\/span>\n\t\t\t\t\t<\/span>\n\t\t\t\t\t<\/a>\n\t\t\t\t<\/div>\n\t\t\t\t\t\t\t\t<\/div>\n\t\t\t\t<\/div>\n\t\t\t\t\t<\/div>\n\t\t<\/div>\n\t\t\t\t\t<\/div>\n\t\t<\/section>\n\t\t\t\t<\/div>\n\t\t","protected":false},"excerpt":{"rendered":"<p>#Costura #Moda #Dise\u00f1o #Confecci\u00f3n #Ropa #HechoAMano #Patrones #Bordado #Taller<\/p>\n","protected":false},"author":5,"featured_media":3982,"parent":4216,"menu_order":0,"comment_status":"closed","ping_status":"closed","template":"","meta":{"footnotes":""},"class_list":["post-4281","page","type-page","status-publish","has-post-thumbnail","hentry"],"_links":{"self":[{"href":"https:\/\/artezaleak.eus\/es\/wp-json\/wp\/v2\/pages\/4281","targetHints":{"allow":["GET"]}}],"collection":[{"href":"https:\/\/artezaleak.eus\/es\/wp-json\/wp\/v2\/pages"}],"about":[{"href":"https:\/\/artezaleak.eus\/es\/wp-json\/wp\/v2\/types\/page"}],"author":[{"embeddable":true,"href":"https:\/\/artezaleak.eus\/es\/wp-json\/wp\/v2\/users\/5"}],"replies":[{"embeddable":true,"href":"https:\/\/artezaleak.eus\/es\/wp-json\/wp\/v2\/comments?post=4281"}],"version-history":[{"count":7,"href":"https:\/\/artezaleak.eus\/es\/wp-json\/wp\/v2\/pages\/4281\/revisions"}],"predecessor-version":[{"id":5805,"href":"https:\/\/artezaleak.eus\/es\/wp-json\/wp\/v2\/pages\/4281\/revisions\/5805"}],"up":[{"embeddable":true,"href":"https:\/\/artezaleak.eus\/es\/wp-json\/wp\/v2\/pages\/4216"}],"wp:featuredmedia":[{"embeddable":true,"href":"https:\/\/artezaleak.eus\/es\/wp-json\/wp\/v2\/media\/3982"}],"wp:attachment":[{"href":"https:\/\/artezaleak.eus\/es\/wp-json\/wp\/v2\/media?parent=4281"}],"curies":[{"name":"wp","href":"https:\/\/api.w.org\/{rel}","templated":true}]}}