{"id":4665,"date":"2024-11-12T13:55:46","date_gmt":"2024-11-12T12:55:46","guid":{"rendered":"https:\/\/artezaleak.eus\/talleres\/pintura-adultos\/"},"modified":"2025-05-15T09:18:30","modified_gmt":"2025-05-15T08:18:30","slug":"pintura-adultos","status":"publish","type":"page","link":"https:\/\/artezaleak.eus\/es\/talleres\/pintura-adultos\/","title":{"rendered":"Pintura adultos"},"content":{"rendered":"\t\t<div data-elementor-type=\"wp-page\" data-elementor-id=\"4665\" class=\"elementor elementor-4665 elementor-4623\" data-elementor-post-type=\"page\">\n\t\t\t\t\t\t<section class=\"elementor-section elementor-top-section elementor-element elementor-element-a6f9fb8 elementor-section-boxed elementor-section-height-default elementor-section-height-default\" data-id=\"a6f9fb8\" data-element_type=\"section\" data-e-type=\"section\">\n\t\t\t\t\t\t<div class=\"elementor-container elementor-column-gap-no\">\n\t\t\t\t\t<div class=\"elementor-column elementor-col-100 elementor-top-column elementor-element elementor-element-401b2f1\" data-id=\"401b2f1\" data-element_type=\"column\" data-e-type=\"column\">\n\t\t\t<div class=\"elementor-widget-wrap elementor-element-populated\">\n\t\t\t\t\t\t<div class=\"elementor-element elementor-element-b6b44ec elementor-widget elementor-widget-heading\" data-id=\"b6b44ec\" data-element_type=\"widget\" data-e-type=\"widget\" data-widget_type=\"heading.default\">\n\t\t\t\t<div class=\"elementor-widget-container\">\n\t\t\t\t\t<h2 class=\"elementor-heading-title elementor-size-default\">Taller de Pintura<\/h2>\t\t\t\t<\/div>\n\t\t\t\t<\/div>\n\t\t\t\t<div class=\"elementor-element elementor-element-81fa140 elementor-widget-divider--view-line elementor-widget elementor-widget-divider\" data-id=\"81fa140\" data-element_type=\"widget\" data-e-type=\"widget\" data-widget_type=\"divider.default\">\n\t\t\t\t<div class=\"elementor-widget-container\">\n\t\t\t\t\t\t\t<div class=\"elementor-divider\">\n\t\t\t<span class=\"elementor-divider-separator\">\n\t\t\t\t\t\t<\/span>\n\t\t<\/div>\n\t\t\t\t\t\t<\/div>\n\t\t\t\t<\/div>\n\t\t\t\t\t<\/div>\n\t\t<\/div>\n\t\t\t\t\t<\/div>\n\t\t<\/section>\n\t\t\t\t<section class=\"elementor-section elementor-top-section elementor-element elementor-element-9f472aa elementor-section-boxed elementor-section-height-default elementor-section-height-default\" data-id=\"9f472aa\" data-element_type=\"section\" data-e-type=\"section\">\n\t\t\t\t\t\t<div class=\"elementor-container elementor-column-gap-no\">\n\t\t\t\t\t<div class=\"elementor-column elementor-col-50 elementor-top-column elementor-element elementor-element-96fb796\" data-id=\"96fb796\" data-element_type=\"column\" data-e-type=\"column\">\n\t\t\t<div class=\"elementor-widget-wrap elementor-element-populated\">\n\t\t\t\t\t\t<div class=\"elementor-element elementor-element-43be549 elementor-widget elementor-widget-text-editor\" data-id=\"43be549\" data-element_type=\"widget\" data-e-type=\"widget\" data-widget_type=\"text-editor.default\">\n\t\t\t\t<div class=\"elementor-widget-container\">\n\t\t\t\t\t\t\t\t\t<p><strong>Profesora<\/strong><br \/>Jasone Irigoyen Loinaz<\/p>\n<p><strong>Modalidad<\/strong><br \/>Helduak<\/p>\n<p><strong>Horario de ma\u00f1anas<\/strong><br \/>Martes 9:30 &#8211; 12:00<br \/>Jueves 9:30 &#8211; 12:00<\/p>\n<p><strong>Horario de tardes<\/strong><br \/>Asteartea 16:30 &#8211; 19:00<\/p>\n<p><strong>+info<\/strong><br \/>pinturatailerra@artezaleak.eus<\/p>\n\t\t\t\t\t\t\t\t<\/div>\n\t\t\t\t<\/div>\n\t\t\t\t\t<\/div>\n\t\t<\/div>\n\t\t\t\t<div class=\"elementor-column elementor-col-50 elementor-top-column elementor-element elementor-element-1041518\" data-id=\"1041518\" data-element_type=\"column\" data-e-type=\"column\">\n\t\t\t<div class=\"elementor-widget-wrap elementor-element-populated\">\n\t\t\t\t\t\t<div class=\"elementor-element elementor-element-7b04c10 elementor-widget elementor-widget-text-editor\" data-id=\"7b04c10\" data-element_type=\"widget\" data-e-type=\"widget\" data-widget_type=\"text-editor.default\">\n\t\t\t\t<div class=\"elementor-widget-container\">\n\t\t\t\t\t\t\t\t\t<p>Da rienda suelta a tu creatividad en el taller de pintura, acr\u00edlica, \u00f3leo, l\u00e1piz, acuarela,&#8230; trabajaremos varias t\u00e9cnicas diferentes. Aqu\u00ed tendr\u00e1s la libertad de descubrir tu estilo personal, experimentando con diferentes herramientas y formas de expresi\u00f3n. Cubriremos la teor\u00eda del color, las t\u00e9cnicas de sombreado, la mezcla y la composici\u00f3n para que desarrolle una comprensi\u00f3n completa del proceso de pintura. Ya sea principiante o experimentado, encontrar\u00e1 inspiraci\u00f3n y orientaci\u00f3n para plasmar sus ideas en un lienzo. En cada sesi\u00f3n contar\u00e1s con el apoyo de profesionales que te ayudar\u00e1n a hacer realidad tus ideas con confianza y precisi\u00f3n. \u00a1Ven y descubre el poder de la pintura!<\/p>\n\t\t\t\t\t\t\t\t<\/div>\n\t\t\t\t<\/div>\n\t\t\t\t<div class=\"elementor-element elementor-element-6e3d64d elementor-widget elementor-widget-image\" data-id=\"6e3d64d\" data-element_type=\"widget\" data-e-type=\"widget\" data-widget_type=\"image.default\">\n\t\t\t\t<div class=\"elementor-widget-container\">\n\t\t\t\t\t\t\t\t\t\t\t\t\t\t\t<img fetchpriority=\"high\" decoding=\"async\" width=\"1500\" height=\"1000\" src=\"https:\/\/artezaleak.eus\/wp-content\/uploads\/2024\/11\/pinceles-en-bote.jpg\" class=\"attachment-full size-full wp-image-4503\" alt=\"\" srcset=\"https:\/\/artezaleak.eus\/wp-content\/uploads\/2024\/11\/pinceles-en-bote.jpg.webp 1500w, https:\/\/artezaleak.eus\/wp-content\/uploads\/2024\/11\/pinceles-en-bote-300x200.jpg.webp 300w, https:\/\/artezaleak.eus\/wp-content\/uploads\/2024\/11\/pinceles-en-bote-1024x683.jpg.webp 1024w, https:\/\/artezaleak.eus\/wp-content\/uploads\/2024\/11\/pinceles-en-bote-768x512.jpg.webp 768w\" sizes=\"(max-width: 1500px) 100vw, 1500px\" \/>\t\t\t\t\t\t\t\t\t\t\t\t\t\t\t<\/div>\n\t\t\t\t<\/div>\n\t\t\t\t<div class=\"elementor-element elementor-element-a06d492 elementor-widget elementor-widget-gallery\" data-id=\"a06d492\" data-element_type=\"widget\" data-e-type=\"widget\" data-settings=\"{&quot;lazyload&quot;:&quot;yes&quot;,&quot;gallery_layout&quot;:&quot;grid&quot;,&quot;columns&quot;:4,&quot;columns_tablet&quot;:2,&quot;columns_mobile&quot;:1,&quot;gap&quot;:{&quot;unit&quot;:&quot;px&quot;,&quot;size&quot;:10,&quot;sizes&quot;:[]},&quot;gap_tablet&quot;:{&quot;unit&quot;:&quot;px&quot;,&quot;size&quot;:10,&quot;sizes&quot;:[]},&quot;gap_mobile&quot;:{&quot;unit&quot;:&quot;px&quot;,&quot;size&quot;:10,&quot;sizes&quot;:[]},&quot;link_to&quot;:&quot;file&quot;,&quot;aspect_ratio&quot;:&quot;3:2&quot;,&quot;overlay_background&quot;:&quot;yes&quot;,&quot;content_hover_animation&quot;:&quot;fade-in&quot;}\" data-widget_type=\"gallery.default\">\n\t\t\t\t<div class=\"elementor-widget-container\">\n\t\t\t\t\t\t\t<div class=\"elementor-gallery__container\">\n\t\t\t\t\t\t\t<a class=\"e-gallery-item elementor-gallery-item elementor-animated-content\" href=\"https:\/\/artezaleak.eus\/wp-content\/uploads\/2024\/11\/taller-de-pintura.jpg\" data-elementor-open-lightbox=\"yes\" data-elementor-lightbox-slideshow=\"a06d492\" data-e-action-hash=\"#elementor-action%3Aaction%3Dlightbox%26settings%3DeyJpZCI6NDYwNywidXJsIjoiaHR0cHM6XC9cL2FydGV6YWxlYWsuZXVzXC93cC1jb250ZW50XC91cGxvYWRzXC8yMDI0XC8xMVwvdGFsbGVyLWRlLXBpbnR1cmEuanBnIiwic2xpZGVzaG93IjoiYTA2ZDQ5MiJ9\">\n\t\t\t\t\t<div class=\"e-gallery-image elementor-gallery-item__image\" data-thumbnail=\"https:\/\/artezaleak.eus\/wp-content\/uploads\/2024\/11\/taller-de-pintura-300x200.jpg\" data-width=\"300\" data-height=\"200\" aria-label=\"\" role=\"img\" ><\/div>\n\t\t\t\t\t\t\t\t\t\t\t<div class=\"elementor-gallery-item__overlay\"><\/div>\n\t\t\t\t\t\t\t\t\t\t\t\t\t\t<\/a>\n\t\t\t\t\t\t\t<a class=\"e-gallery-item elementor-gallery-item elementor-animated-content\" href=\"https:\/\/artezaleak.eus\/wp-content\/uploads\/2024\/11\/20241105_174441_baja-1.jpg\" data-elementor-open-lightbox=\"yes\" data-elementor-lightbox-slideshow=\"a06d492\" data-e-action-hash=\"#elementor-action%3Aaction%3Dlightbox%26settings%3DeyJpZCI6NDg4OCwidXJsIjoiaHR0cHM6XC9cL2FydGV6YWxlYWsuZXVzXC93cC1jb250ZW50XC91cGxvYWRzXC8yMDI0XC8xMVwvMjAyNDExMDVfMTc0NDQxX2JhamEtMS5qcGciLCJzbGlkZXNob3ciOiJhMDZkNDkyIn0%3D\">\n\t\t\t\t\t<div class=\"e-gallery-image elementor-gallery-item__image\" data-thumbnail=\"https:\/\/artezaleak.eus\/wp-content\/uploads\/2024\/11\/20241105_174441_baja-1-300x225.jpg\" data-width=\"300\" data-height=\"225\" aria-label=\"\" role=\"img\" ><\/div>\n\t\t\t\t\t\t\t\t\t\t\t<div class=\"elementor-gallery-item__overlay\"><\/div>\n\t\t\t\t\t\t\t\t\t\t\t\t\t\t<\/a>\n\t\t\t\t\t\t\t<a class=\"e-gallery-item elementor-gallery-item elementor-animated-content\" href=\"https:\/\/artezaleak.eus\/wp-content\/uploads\/2024\/11\/20241105_174539_baja.jpg\" data-elementor-open-lightbox=\"yes\" data-elementor-lightbox-slideshow=\"a06d492\" data-e-action-hash=\"#elementor-action%3Aaction%3Dlightbox%26settings%3DeyJpZCI6NDg3NSwidXJsIjoiaHR0cHM6XC9cL2FydGV6YWxlYWsuZXVzXC93cC1jb250ZW50XC91cGxvYWRzXC8yMDI0XC8xMVwvMjAyNDExMDVfMTc0NTM5X2JhamEuanBnIiwic2xpZGVzaG93IjoiYTA2ZDQ5MiJ9\">\n\t\t\t\t\t<div class=\"e-gallery-image elementor-gallery-item__image\" data-thumbnail=\"https:\/\/artezaleak.eus\/wp-content\/uploads\/2024\/11\/20241105_174539_baja-300x225.jpg\" data-width=\"300\" data-height=\"225\" aria-label=\"\" role=\"img\" ><\/div>\n\t\t\t\t\t\t\t\t\t\t\t<div class=\"elementor-gallery-item__overlay\"><\/div>\n\t\t\t\t\t\t\t\t\t\t\t\t\t\t<\/a>\n\t\t\t\t\t\t\t<a class=\"e-gallery-item elementor-gallery-item elementor-animated-content\" href=\"https:\/\/artezaleak.eus\/wp-content\/uploads\/2024\/11\/20241105_174601_baja.jpg\" data-elementor-open-lightbox=\"yes\" data-elementor-lightbox-slideshow=\"a06d492\" data-e-action-hash=\"#elementor-action%3Aaction%3Dlightbox%26settings%3DeyJpZCI6NDg3NywidXJsIjoiaHR0cHM6XC9cL2FydGV6YWxlYWsuZXVzXC93cC1jb250ZW50XC91cGxvYWRzXC8yMDI0XC8xMVwvMjAyNDExMDVfMTc0NjAxX2JhamEuanBnIiwic2xpZGVzaG93IjoiYTA2ZDQ5MiJ9\">\n\t\t\t\t\t<div class=\"e-gallery-image elementor-gallery-item__image\" data-thumbnail=\"https:\/\/artezaleak.eus\/wp-content\/uploads\/2024\/11\/20241105_174601_baja-191x300.jpg\" data-width=\"191\" data-height=\"300\" aria-label=\"\" role=\"img\" ><\/div>\n\t\t\t\t\t\t\t\t\t\t\t<div class=\"elementor-gallery-item__overlay\"><\/div>\n\t\t\t\t\t\t\t\t\t\t\t\t\t\t<\/a>\n\t\t\t\t\t\t\t<a class=\"e-gallery-item elementor-gallery-item elementor-animated-content\" href=\"https:\/\/artezaleak.eus\/wp-content\/uploads\/2024\/11\/pinceles-colores.jpg\" data-elementor-open-lightbox=\"yes\" data-elementor-lightbox-slideshow=\"a06d492\" data-e-action-hash=\"#elementor-action%3Aaction%3Dlightbox%26settings%3DeyJpZCI6NDQ5MywidXJsIjoiaHR0cHM6XC9cL2FydGV6YWxlYWsuZXVzXC93cC1jb250ZW50XC91cGxvYWRzXC8yMDI0XC8xMVwvcGluY2VsZXMtY29sb3Jlcy5qcGciLCJzbGlkZXNob3ciOiJhMDZkNDkyIn0%3D\">\n\t\t\t\t\t<div class=\"e-gallery-image elementor-gallery-item__image\" data-thumbnail=\"https:\/\/artezaleak.eus\/wp-content\/uploads\/2024\/11\/pinceles-colores-300x212.jpg\" data-width=\"300\" data-height=\"212\" aria-label=\"\" role=\"img\" ><\/div>\n\t\t\t\t\t\t\t\t\t\t\t<div class=\"elementor-gallery-item__overlay\"><\/div>\n\t\t\t\t\t\t\t\t\t\t\t\t\t\t<\/a>\n\t\t\t\t\t\t\t<a class=\"e-gallery-item elementor-gallery-item elementor-animated-content\" href=\"https:\/\/artezaleak.eus\/wp-content\/uploads\/2024\/11\/20241105_174621_baja.jpg\" data-elementor-open-lightbox=\"yes\" data-elementor-lightbox-slideshow=\"a06d492\" data-e-action-hash=\"#elementor-action%3Aaction%3Dlightbox%26settings%3DeyJpZCI6NDg3OSwidXJsIjoiaHR0cHM6XC9cL2FydGV6YWxlYWsuZXVzXC93cC1jb250ZW50XC91cGxvYWRzXC8yMDI0XC8xMVwvMjAyNDExMDVfMTc0NjIxX2JhamEuanBnIiwic2xpZGVzaG93IjoiYTA2ZDQ5MiJ9\">\n\t\t\t\t\t<div class=\"e-gallery-image elementor-gallery-item__image\" data-thumbnail=\"https:\/\/artezaleak.eus\/wp-content\/uploads\/2024\/11\/20241105_174621_baja-300x225.jpg\" data-width=\"300\" data-height=\"225\" aria-label=\"\" role=\"img\" ><\/div>\n\t\t\t\t\t\t\t\t\t\t\t<div class=\"elementor-gallery-item__overlay\"><\/div>\n\t\t\t\t\t\t\t\t\t\t\t\t\t\t<\/a>\n\t\t\t\t\t\t\t<a class=\"e-gallery-item elementor-gallery-item elementor-animated-content\" href=\"https:\/\/artezaleak.eus\/wp-content\/uploads\/2024\/11\/pintando-taller-de-pintura.jpg\" data-elementor-open-lightbox=\"yes\" data-elementor-lightbox-slideshow=\"a06d492\" data-e-action-hash=\"#elementor-action%3Aaction%3Dlightbox%26settings%3DeyJpZCI6NDYwOSwidXJsIjoiaHR0cHM6XC9cL2FydGV6YWxlYWsuZXVzXC93cC1jb250ZW50XC91cGxvYWRzXC8yMDI0XC8xMVwvcGludGFuZG8tdGFsbGVyLWRlLXBpbnR1cmEuanBnIiwic2xpZGVzaG93IjoiYTA2ZDQ5MiJ9\">\n\t\t\t\t\t<div class=\"e-gallery-image elementor-gallery-item__image\" data-thumbnail=\"https:\/\/artezaleak.eus\/wp-content\/uploads\/2024\/11\/pintando-taller-de-pintura-300x200.jpg\" data-width=\"300\" data-height=\"200\" aria-label=\"\" role=\"img\" ><\/div>\n\t\t\t\t\t\t\t\t\t\t\t<div class=\"elementor-gallery-item__overlay\"><\/div>\n\t\t\t\t\t\t\t\t\t\t\t\t\t\t<\/a>\n\t\t\t\t\t\t\t<a class=\"e-gallery-item elementor-gallery-item elementor-animated-content\" href=\"https:\/\/artezaleak.eus\/wp-content\/uploads\/2024\/11\/20241105_174651_baja.jpg\" data-elementor-open-lightbox=\"yes\" data-elementor-lightbox-slideshow=\"a06d492\" data-e-action-hash=\"#elementor-action%3Aaction%3Dlightbox%26settings%3DeyJpZCI6NDg4MSwidXJsIjoiaHR0cHM6XC9cL2FydGV6YWxlYWsuZXVzXC93cC1jb250ZW50XC91cGxvYWRzXC8yMDI0XC8xMVwvMjAyNDExMDVfMTc0NjUxX2JhamEuanBnIiwic2xpZGVzaG93IjoiYTA2ZDQ5MiJ9\">\n\t\t\t\t\t<div class=\"e-gallery-image elementor-gallery-item__image\" data-thumbnail=\"https:\/\/artezaleak.eus\/wp-content\/uploads\/2024\/11\/20241105_174651_baja-300x225.jpg\" data-width=\"300\" data-height=\"225\" aria-label=\"\" role=\"img\" ><\/div>\n\t\t\t\t\t\t\t\t\t\t\t<div class=\"elementor-gallery-item__overlay\"><\/div>\n\t\t\t\t\t\t\t\t\t\t\t\t\t\t<\/a>\n\t\t\t\t\t\t\t<a class=\"e-gallery-item elementor-gallery-item elementor-animated-content\" href=\"https:\/\/artezaleak.eus\/wp-content\/uploads\/2024\/11\/20241111_180029_baja.jpg\" data-elementor-open-lightbox=\"yes\" data-elementor-lightbox-slideshow=\"a06d492\" data-e-action-hash=\"#elementor-action%3Aaction%3Dlightbox%26settings%3DeyJpZCI6NDg4MywidXJsIjoiaHR0cHM6XC9cL2FydGV6YWxlYWsuZXVzXC93cC1jb250ZW50XC91cGxvYWRzXC8yMDI0XC8xMVwvMjAyNDExMTFfMTgwMDI5X2JhamEuanBnIiwic2xpZGVzaG93IjoiYTA2ZDQ5MiJ9\">\n\t\t\t\t\t<div class=\"e-gallery-image elementor-gallery-item__image\" data-thumbnail=\"https:\/\/artezaleak.eus\/wp-content\/uploads\/2024\/11\/20241111_180029_baja-300x225.jpg\" data-width=\"300\" data-height=\"225\" aria-label=\"\" role=\"img\" ><\/div>\n\t\t\t\t\t\t\t\t\t\t\t<div class=\"elementor-gallery-item__overlay\"><\/div>\n\t\t\t\t\t\t\t\t\t\t\t\t\t\t<\/a>\n\t\t\t\t\t<\/div>\n\t\t\t\t\t<\/div>\n\t\t\t\t<\/div>\n\t\t\t\t<div class=\"elementor-element elementor-element-c4708ea elementor-widget__width-initial elementor-widget-divider--view-line elementor-widget elementor-widget-divider\" data-id=\"c4708ea\" data-element_type=\"widget\" data-e-type=\"widget\" data-widget_type=\"divider.default\">\n\t\t\t\t<div class=\"elementor-widget-container\">\n\t\t\t\t\t\t\t<div class=\"elementor-divider\">\n\t\t\t<span class=\"elementor-divider-separator\">\n\t\t\t\t\t\t<\/span>\n\t\t<\/div>\n\t\t\t\t\t\t<\/div>\n\t\t\t\t<\/div>\n\t\t\t\t<div class=\"elementor-element elementor-element-b58a364 elementor-align-left elementor-widget elementor-widget-button\" data-id=\"b58a364\" data-element_type=\"widget\" data-e-type=\"widget\" data-widget_type=\"button.default\">\n\t\t\t\t<div class=\"elementor-widget-container\">\n\t\t\t\t\t\t\t\t\t<div class=\"elementor-button-wrapper\">\n\t\t\t\t\t<a class=\"elementor-button elementor-button-link elementor-size-sm elementor-animation-shrink\" href=\"https:\/\/artezaleak.eus\/es\/talleres\/\">\n\t\t\t\t\t\t<span class=\"elementor-button-content-wrapper\">\n\t\t\t\t\t\t<span class=\"elementor-button-icon\">\n\t\t\t\t<svg xmlns=\"http:\/\/www.w3.org\/2000\/svg\" id=\"fb1ba545-369a-4787-8f5c-a6afb4a11530\" data-name=\"Layer 1\" width=\"16.2764\" height=\"16.6475\" viewBox=\"0 0 16.2764 16.6475\"><path d=\"M16.2852,7.6343,3.498,7.6348,9.793,1.7412,8.4258.2812.3252,7.8652a1,1,0,0,0-.002,1.458l8.08,7.6055,1.3711-1.457L3.5723,9.6348H16.2852Z\" transform=\"translate(-0.0088 -0.2813)\"><\/path><\/svg>\t\t\t<\/span>\n\t\t\t\t\t\t\t\t\t<span class=\"elementor-button-text\">Talleres<\/span>\n\t\t\t\t\t<\/span>\n\t\t\t\t\t<\/a>\n\t\t\t\t<\/div>\n\t\t\t\t\t\t\t\t<\/div>\n\t\t\t\t<\/div>\n\t\t\t\t\t<\/div>\n\t\t<\/div>\n\t\t\t\t\t<\/div>\n\t\t<\/section>\n\t\t\t\t<\/div>\n\t\t","protected":false},"excerpt":{"rendered":"<p>#Pintura #Color #Arte #Lienzo #Pincel #Creatividad #Expresi\u00f3n #T\u00e9cnicas #Dise\u00f1o #Inspirar<\/p>\n","protected":false},"author":5,"featured_media":3970,"parent":4216,"menu_order":0,"comment_status":"closed","ping_status":"closed","template":"","meta":{"footnotes":""},"class_list":["post-4665","page","type-page","status-publish","has-post-thumbnail","hentry"],"_links":{"self":[{"href":"https:\/\/artezaleak.eus\/es\/wp-json\/wp\/v2\/pages\/4665","targetHints":{"allow":["GET"]}}],"collection":[{"href":"https:\/\/artezaleak.eus\/es\/wp-json\/wp\/v2\/pages"}],"about":[{"href":"https:\/\/artezaleak.eus\/es\/wp-json\/wp\/v2\/types\/page"}],"author":[{"embeddable":true,"href":"https:\/\/artezaleak.eus\/es\/wp-json\/wp\/v2\/users\/5"}],"replies":[{"embeddable":true,"href":"https:\/\/artezaleak.eus\/es\/wp-json\/wp\/v2\/comments?post=4665"}],"version-history":[{"count":4,"href":"https:\/\/artezaleak.eus\/es\/wp-json\/wp\/v2\/pages\/4665\/revisions"}],"predecessor-version":[{"id":5548,"href":"https:\/\/artezaleak.eus\/es\/wp-json\/wp\/v2\/pages\/4665\/revisions\/5548"}],"up":[{"embeddable":true,"href":"https:\/\/artezaleak.eus\/es\/wp-json\/wp\/v2\/pages\/4216"}],"wp:featuredmedia":[{"embeddable":true,"href":"https:\/\/artezaleak.eus\/es\/wp-json\/wp\/v2\/media\/3970"}],"wp:attachment":[{"href":"https:\/\/artezaleak.eus\/es\/wp-json\/wp\/v2\/media?parent=4665"}],"curies":[{"name":"wp","href":"https:\/\/api.w.org\/{rel}","templated":true}]}}