{"id":5219,"date":"2024-10-25T10:06:46","date_gmt":"2024-10-25T09:06:46","guid":{"rendered":"https:\/\/artezaleak.eus\/actualizando\/"},"modified":"2025-11-20T08:46:30","modified_gmt":"2025-11-20T07:46:30","slug":"inicio-2","status":"publish","type":"page","link":"https:\/\/artezaleak.eus\/es\/","title":{"rendered":"Inicio"},"content":{"rendered":"\t\t<div data-elementor-type=\"wp-page\" data-elementor-id=\"5219\" class=\"elementor elementor-5219 elementor-3787\" data-elementor-post-type=\"page\">\n\t\t\t\t\t\t<section class=\"elementor-section elementor-top-section elementor-element elementor-element-4b349d3 elementor-section-stretched elementor-section-boxed elementor-section-height-default elementor-section-height-default\" data-id=\"4b349d3\" data-element_type=\"section\" data-e-type=\"section\" data-settings=\"{&quot;stretch_section&quot;:&quot;section-stretched&quot;,&quot;background_background&quot;:&quot;video&quot;,&quot;background_video_link&quot;:&quot;https:\\\/\\\/youtu.be\\\/OT9rCpSitvo&quot;,&quot;background_video_start&quot;:0,&quot;background_video_end&quot;:0,&quot;background_play_on_mobile&quot;:&quot;yes&quot;}\">\n\t\t\t\t\t\t\t\t<div class=\"elementor-background-video-container\">\n\t\t\t\t\t\t\t\t\t\t\t\t\t<div class=\"elementor-background-video-embed\" role=\"presentation\"><\/div>\n\t\t\t\t\t\t\t\t\t\t\t\t<\/div>\n\t\t\t\t\t\t\t\t\t<div class=\"elementor-background-overlay\"><\/div>\n\t\t\t\t\t\t\t<div class=\"elementor-container elementor-column-gap-default\">\n\t\t\t\t\t<div class=\"elementor-column elementor-col-100 elementor-top-column elementor-element elementor-element-07f3645\" data-id=\"07f3645\" data-element_type=\"column\" data-e-type=\"column\">\n\t\t\t<div class=\"elementor-widget-wrap\">\n\t\t\t\t\t\t\t<\/div>\n\t\t<\/div>\n\t\t\t\t\t<\/div>\n\t\t<\/section>\n\t\t\t\t<section class=\"elementor-section elementor-top-section elementor-element elementor-element-43dd23b elementor-section-boxed elementor-section-height-default elementor-section-height-default\" data-id=\"43dd23b\" data-element_type=\"section\" data-e-type=\"section\">\n\t\t\t\t\t\t<div class=\"elementor-container elementor-column-gap-default\">\n\t\t\t\t\t<div class=\"elementor-column elementor-col-100 elementor-top-column elementor-element elementor-element-14559f8\" data-id=\"14559f8\" data-element_type=\"column\" data-e-type=\"column\">\n\t\t\t<div class=\"elementor-widget-wrap elementor-element-populated\">\n\t\t\t\t\t\t<section class=\"elementor-section elementor-inner-section elementor-element elementor-element-8c8a7db elementor-section-boxed elementor-section-height-default elementor-section-height-default\" data-id=\"8c8a7db\" data-element_type=\"section\" data-e-type=\"section\">\n\t\t\t\t\t\t<div class=\"elementor-container elementor-column-gap-default\">\n\t\t\t\t\t<div class=\"elementor-column elementor-col-50 elementor-inner-column elementor-element elementor-element-09de072\" data-id=\"09de072\" data-element_type=\"column\" data-e-type=\"column\">\n\t\t\t<div class=\"elementor-widget-wrap elementor-element-populated\">\n\t\t\t\t\t\t<div class=\"elementor-element elementor-element-e90a34d elementor-widget elementor-widget-heading\" data-id=\"e90a34d\" data-element_type=\"widget\" data-e-type=\"widget\" data-widget_type=\"heading.default\">\n\t\t\t\t<div class=\"elementor-widget-container\">\n\t\t\t\t\t<h2 class=\"elementor-heading-title elementor-size-default\">\u00bfQui\u00e9nes somos?<\/h2>\t\t\t\t<\/div>\n\t\t\t\t<\/div>\n\t\t\t\t\t<\/div>\n\t\t<\/div>\n\t\t\t\t<div class=\"elementor-column elementor-col-50 elementor-inner-column elementor-element elementor-element-ff338a3\" data-id=\"ff338a3\" data-element_type=\"column\" data-e-type=\"column\">\n\t\t\t<div class=\"elementor-widget-wrap elementor-element-populated\">\n\t\t\t\t\t\t<div class=\"elementor-element elementor-element-63a7b0e elementor-widget elementor-widget-text-editor\" data-id=\"63a7b0e\" data-element_type=\"widget\" data-e-type=\"widget\" data-widget_type=\"text-editor.default\">\n\t\t\t\t<div class=\"elementor-widget-container\">\n\t\t\t\t\t\t\t\t\t<p>Somos un equipo heterog\u00e9neo y nos encanta lo que hacemos: gestionar y dar acogida a un proyecto cultural.<\/p>\n<p>Trabajamos en un espacio que acoge muchas propuestas con el fin de promover el arte, la<br \/>artesan\u00eda y la cultura. Apostamos por la educaci\u00f3n pl\u00e1stica desde la diversi\u00f3n. Queremos recuperar los saberes de siempre con un aire fresco, aut\u00e9ntico y sostenible. Siempre exploramos nuevas rutas, tratando de innovar.<\/p>\n<p>Aqu\u00ed encontrareis herramientas para crear, reciclar y conservar.<br \/><strong>Con vosotros somos aprendizaje y disfrute, conocimiento y sensibilidad, somos identidad.<\/strong><\/p>\n\t\t\t\t\t\t\t\t<\/div>\n\t\t\t\t<\/div>\n\t\t\t\t\t<\/div>\n\t\t<\/div>\n\t\t\t\t\t<\/div>\n\t\t<\/section>\n\t\t\t\t\t<\/div>\n\t\t<\/div>\n\t\t\t\t\t<\/div>\n\t\t<\/section>\n\t\t\t\t<\/div>\n\t\t","protected":false},"excerpt":{"rendered":"<p>\u00bfQui\u00e9nes somos? Somos un equipo heterog\u00e9neo y nos encanta lo que hacemos: gestionar y dar acogida a un proyecto cultural. Trabajamos en un espacio que acoge muchas propuestas con el fin de promover el arte, laartesan\u00eda y la cultura. Apostamos por la educaci\u00f3n pl\u00e1stica desde la diversi\u00f3n. Queremos recuperar los saberes de siempre con un [&hellip;]<\/p>\n","protected":false},"author":5,"featured_media":0,"parent":0,"menu_order":0,"comment_status":"closed","ping_status":"closed","template":"","meta":{"footnotes":""},"class_list":["post-5219","page","type-page","status-publish","hentry"],"_links":{"self":[{"href":"https:\/\/artezaleak.eus\/es\/wp-json\/wp\/v2\/pages\/5219","targetHints":{"allow":["GET"]}}],"collection":[{"href":"https:\/\/artezaleak.eus\/es\/wp-json\/wp\/v2\/pages"}],"about":[{"href":"https:\/\/artezaleak.eus\/es\/wp-json\/wp\/v2\/types\/page"}],"author":[{"embeddable":true,"href":"https:\/\/artezaleak.eus\/es\/wp-json\/wp\/v2\/users\/5"}],"replies":[{"embeddable":true,"href":"https:\/\/artezaleak.eus\/es\/wp-json\/wp\/v2\/comments?post=5219"}],"version-history":[{"count":33,"href":"https:\/\/artezaleak.eus\/es\/wp-json\/wp\/v2\/pages\/5219\/revisions"}],"predecessor-version":[{"id":5685,"href":"https:\/\/artezaleak.eus\/es\/wp-json\/wp\/v2\/pages\/5219\/revisions\/5685"}],"wp:attachment":[{"href":"https:\/\/artezaleak.eus\/es\/wp-json\/wp\/v2\/media?parent=5219"}],"curies":[{"name":"wp","href":"https:\/\/api.w.org\/{rel}","templated":true}]}}