{"id":5564,"date":"2025-05-15T09:23:51","date_gmt":"2025-05-15T08:23:51","guid":{"rendered":"https:\/\/artezaleak.eus\/talleres\/iniciacion-a-la-costura\/"},"modified":"2026-04-27T12:13:05","modified_gmt":"2026-04-27T11:13:05","slug":"iniciacion-a-la-costura","status":"publish","type":"page","link":"https:\/\/artezaleak.eus\/es\/talleres\/iniciacion-a-la-costura\/","title":{"rendered":"Iniciaci\u00f3n a la costura"},"content":{"rendered":"\t\t<div data-elementor-type=\"wp-page\" data-elementor-id=\"5564\" class=\"elementor elementor-5564 elementor-5555\" data-elementor-post-type=\"page\">\n\t\t\t\t\t\t<section class=\"elementor-section elementor-top-section elementor-element elementor-element-a6f9fb8 elementor-section-boxed elementor-section-height-default elementor-section-height-default\" data-id=\"a6f9fb8\" data-element_type=\"section\" data-e-type=\"section\">\n\t\t\t\t\t\t<div class=\"elementor-container elementor-column-gap-no\">\n\t\t\t\t\t<div class=\"elementor-column elementor-col-100 elementor-top-column elementor-element elementor-element-401b2f1\" data-id=\"401b2f1\" data-element_type=\"column\" data-e-type=\"column\">\n\t\t\t<div class=\"elementor-widget-wrap elementor-element-populated\">\n\t\t\t\t\t\t<div class=\"elementor-element elementor-element-b6b44ec elementor-widget elementor-widget-heading\" data-id=\"b6b44ec\" data-element_type=\"widget\" data-e-type=\"widget\" data-widget_type=\"heading.default\">\n\t\t\t\t<div class=\"elementor-widget-container\">\n\t\t\t\t\t<h2 class=\"elementor-heading-title elementor-size-default\">Iniciaci\u00f3n a la costura<\/h2>\t\t\t\t<\/div>\n\t\t\t\t<\/div>\n\t\t\t\t<div class=\"elementor-element elementor-element-81fa140 elementor-widget-divider--view-line elementor-widget elementor-widget-divider\" data-id=\"81fa140\" data-element_type=\"widget\" data-e-type=\"widget\" data-widget_type=\"divider.default\">\n\t\t\t\t<div class=\"elementor-widget-container\">\n\t\t\t\t\t\t\t<div class=\"elementor-divider\">\n\t\t\t<span class=\"elementor-divider-separator\">\n\t\t\t\t\t\t<\/span>\n\t\t<\/div>\n\t\t\t\t\t\t<\/div>\n\t\t\t\t<\/div>\n\t\t\t\t\t<\/div>\n\t\t<\/div>\n\t\t\t\t\t<\/div>\n\t\t<\/section>\n\t\t\t\t<section class=\"elementor-section elementor-top-section elementor-element elementor-element-9f472aa elementor-section-boxed elementor-section-height-default elementor-section-height-default\" data-id=\"9f472aa\" data-element_type=\"section\" data-e-type=\"section\">\n\t\t\t\t\t\t<div class=\"elementor-container elementor-column-gap-no\">\n\t\t\t\t\t<div class=\"elementor-column elementor-col-50 elementor-top-column elementor-element elementor-element-96fb796\" data-id=\"96fb796\" data-element_type=\"column\" data-e-type=\"column\">\n\t\t\t<div class=\"elementor-widget-wrap elementor-element-populated\">\n\t\t\t\t\t\t<div class=\"elementor-element elementor-element-43be549 elementor-widget elementor-widget-text-editor\" data-id=\"43be549\" data-element_type=\"widget\" data-e-type=\"widget\" data-widget_type=\"text-editor.default\">\n\t\t\t\t<div class=\"elementor-widget-container\">\n\t\t\t\t\t\t\t\t\t<p><strong>Profesora<\/strong><br \/>Mireia Argelich<\/p>\n<p><strong>Nivel<\/strong><br \/>Adultos<\/p>\n<p><strong>Horario<\/strong><br \/>Martes 18:30 &#8211; 21:00<br \/>Mi\u00e9rcoles 18:30 &#8211; 21:00<br \/>Jueves 9:00 &#8211; 11:30<br \/>Jueves 18:30 &#8211; 21:00<\/p>\n<p><strong>+info<\/strong><br \/>joskintza@artezaleak.eus<\/p>\n\t\t\t\t\t\t\t\t<\/div>\n\t\t\t\t<\/div>\n\t\t\t\t\t<\/div>\n\t\t<\/div>\n\t\t\t\t<div class=\"elementor-column elementor-col-50 elementor-top-column elementor-element elementor-element-1041518\" data-id=\"1041518\" data-element_type=\"column\" data-e-type=\"column\">\n\t\t\t<div class=\"elementor-widget-wrap elementor-element-populated\">\n\t\t\t\t\t\t<div class=\"elementor-element elementor-element-7b04c10 elementor-widget elementor-widget-text-editor\" data-id=\"7b04c10\" data-element_type=\"widget\" data-e-type=\"widget\" data-widget_type=\"text-editor.default\">\n\t\t\t\t<div class=\"elementor-widget-container\">\n\t\t\t\t\t\t\t\t\tEn este taller aprender\u00e1s a coser a mano y m\u00e1quina sin necesidad de conocimientos previos. Podr\u00e1s realizar proyectos sencillos y pr\u00e1cticos, desde confecciones b\u00e1sicas hasta reciclaje de ropa.\t\t\t\t\t\t\t\t<\/div>\n\t\t\t\t<\/div>\n\t\t\t\t<div class=\"elementor-element elementor-element-6e3d64d elementor-widget elementor-widget-image\" data-id=\"6e3d64d\" data-element_type=\"widget\" data-e-type=\"widget\" data-widget_type=\"image.default\">\n\t\t\t\t<div class=\"elementor-widget-container\">\n\t\t\t\t\t\t\t\t\t\t\t\t\t\t\t<img fetchpriority=\"high\" decoding=\"async\" width=\"2247\" height=\"1500\" src=\"https:\/\/artezaleak.eus\/wp-content\/uploads\/2025\/05\/inicio-costura-portada.jpg\" class=\"attachment-full size-full wp-image-5603\" alt=\"\" srcset=\"https:\/\/artezaleak.eus\/wp-content\/uploads\/2025\/05\/inicio-costura-portada.jpg.webp 2247w, https:\/\/artezaleak.eus\/wp-content\/uploads\/2025\/05\/inicio-costura-portada-300x200.jpg.webp 300w, https:\/\/artezaleak.eus\/wp-content\/uploads\/2025\/05\/inicio-costura-portada-1024x684.jpg.webp 1024w, https:\/\/artezaleak.eus\/wp-content\/uploads\/2025\/05\/inicio-costura-portada-768x513.jpg.webp 768w, https:\/\/artezaleak.eus\/wp-content\/uploads\/2025\/05\/inicio-costura-portada-1536x1025.jpg.webp 1536w, https:\/\/artezaleak.eus\/wp-content\/uploads\/2025\/05\/inicio-costura-portada-2048x1367.jpg.webp 2048w\" sizes=\"(max-width: 2247px) 100vw, 2247px\" \/>\t\t\t\t\t\t\t\t\t\t\t\t\t\t\t<\/div>\n\t\t\t\t<\/div>\n\t\t\t\t<div class=\"elementor-element elementor-element-88576e9 elementor-widget elementor-widget-gallery\" data-id=\"88576e9\" data-element_type=\"widget\" data-e-type=\"widget\" data-settings=\"{&quot;gallery_layout&quot;:&quot;masonry&quot;,&quot;lazyload&quot;:&quot;yes&quot;,&quot;columns&quot;:4,&quot;columns_tablet&quot;:2,&quot;columns_mobile&quot;:1,&quot;gap&quot;:{&quot;unit&quot;:&quot;px&quot;,&quot;size&quot;:10,&quot;sizes&quot;:[]},&quot;gap_tablet&quot;:{&quot;unit&quot;:&quot;px&quot;,&quot;size&quot;:10,&quot;sizes&quot;:[]},&quot;gap_mobile&quot;:{&quot;unit&quot;:&quot;px&quot;,&quot;size&quot;:10,&quot;sizes&quot;:[]},&quot;link_to&quot;:&quot;file&quot;,&quot;overlay_background&quot;:&quot;yes&quot;,&quot;content_hover_animation&quot;:&quot;fade-in&quot;}\" data-widget_type=\"gallery.default\">\n\t\t\t\t<div class=\"elementor-widget-container\">\n\t\t\t\t\t\t\t<div class=\"elementor-gallery__container\">\n\t\t\t\t\t\t\t<a class=\"e-gallery-item elementor-gallery-item elementor-animated-content\" href=\"https:\/\/artezaleak.eus\/wp-content\/uploads\/2025\/05\/botones.jpg\" data-elementor-open-lightbox=\"yes\" data-elementor-lightbox-slideshow=\"88576e9\" data-elementor-lightbox-title=\"botones\" data-e-action-hash=\"#elementor-action%3Aaction%3Dlightbox%26settings%3DeyJpZCI6NTU3OCwidXJsIjoiaHR0cHM6XC9cL2FydGV6YWxlYWsuZXVzXC93cC1jb250ZW50XC91cGxvYWRzXC8yMDI1XC8wNVwvYm90b25lcy5qcGciLCJzbGlkZXNob3ciOiI4ODU3NmU5In0%3D\">\n\t\t\t\t\t<div class=\"e-gallery-image elementor-gallery-item__image\" data-thumbnail=\"https:\/\/artezaleak.eus\/wp-content\/uploads\/2025\/05\/botones-300x200.jpg\" data-width=\"300\" data-height=\"200\" aria-label=\"\" role=\"img\" ><\/div>\n\t\t\t\t\t\t\t\t\t\t\t<div class=\"elementor-gallery-item__overlay\"><\/div>\n\t\t\t\t\t\t\t\t\t\t\t\t\t\t<\/a>\n\t\t\t\t\t\t\t<a class=\"e-gallery-item elementor-gallery-item elementor-animated-content\" href=\"https:\/\/artezaleak.eus\/wp-content\/uploads\/2025\/05\/cartuchera.jpg\" data-elementor-open-lightbox=\"yes\" data-elementor-lightbox-slideshow=\"88576e9\" data-elementor-lightbox-title=\"cartuchera\" data-e-action-hash=\"#elementor-action%3Aaction%3Dlightbox%26settings%3DeyJpZCI6NTU3NCwidXJsIjoiaHR0cHM6XC9cL2FydGV6YWxlYWsuZXVzXC93cC1jb250ZW50XC91cGxvYWRzXC8yMDI1XC8wNVwvY2FydHVjaGVyYS5qcGciLCJzbGlkZXNob3ciOiI4ODU3NmU5In0%3D\">\n\t\t\t\t\t<div class=\"e-gallery-image elementor-gallery-item__image\" data-thumbnail=\"https:\/\/artezaleak.eus\/wp-content\/uploads\/2025\/05\/cartuchera-300x233.jpg\" data-width=\"300\" data-height=\"233\" aria-label=\"\" role=\"img\" ><\/div>\n\t\t\t\t\t\t\t\t\t\t\t<div class=\"elementor-gallery-item__overlay\"><\/div>\n\t\t\t\t\t\t\t\t\t\t\t\t\t\t<\/a>\n\t\t\t\t\t\t\t<a class=\"e-gallery-item elementor-gallery-item elementor-animated-content\" href=\"https:\/\/artezaleak.eus\/wp-content\/uploads\/2025\/05\/estuche-patchwork.jpg\" data-elementor-open-lightbox=\"yes\" data-elementor-lightbox-slideshow=\"88576e9\" data-elementor-lightbox-title=\"estuche patchwork\" data-e-action-hash=\"#elementor-action%3Aaction%3Dlightbox%26settings%3DeyJpZCI6NTU4OCwidXJsIjoiaHR0cHM6XC9cL2FydGV6YWxlYWsuZXVzXC93cC1jb250ZW50XC91cGxvYWRzXC8yMDI1XC8wNVwvZXN0dWNoZS1wYXRjaHdvcmsuanBnIiwic2xpZGVzaG93IjoiODg1NzZlOSJ9\">\n\t\t\t\t\t<div class=\"e-gallery-image elementor-gallery-item__image\" data-thumbnail=\"https:\/\/artezaleak.eus\/wp-content\/uploads\/2025\/05\/estuche-patchwork-300x244.jpg\" data-width=\"300\" data-height=\"244\" aria-label=\"\" role=\"img\" ><\/div>\n\t\t\t\t\t\t\t\t\t\t\t<div class=\"elementor-gallery-item__overlay\"><\/div>\n\t\t\t\t\t\t\t\t\t\t\t\t\t\t<\/a>\n\t\t\t\t\t\t\t<a class=\"e-gallery-item elementor-gallery-item elementor-animated-content\" href=\"https:\/\/artezaleak.eus\/wp-content\/uploads\/2025\/05\/coser-encaje.jpg\" data-elementor-open-lightbox=\"yes\" data-elementor-lightbox-slideshow=\"88576e9\" data-elementor-lightbox-title=\"coser encaje\" data-e-action-hash=\"#elementor-action%3Aaction%3Dlightbox%26settings%3DeyJpZCI6NTU4NiwidXJsIjoiaHR0cHM6XC9cL2FydGV6YWxlYWsuZXVzXC93cC1jb250ZW50XC91cGxvYWRzXC8yMDI1XC8wNVwvY29zZXItZW5jYWplLmpwZyIsInNsaWRlc2hvdyI6Ijg4NTc2ZTkifQ%3D%3D\">\n\t\t\t\t\t<div class=\"e-gallery-image elementor-gallery-item__image\" data-thumbnail=\"https:\/\/artezaleak.eus\/wp-content\/uploads\/2025\/05\/coser-encaje-300x200.jpg\" data-width=\"300\" data-height=\"200\" aria-label=\"\" role=\"img\" ><\/div>\n\t\t\t\t\t\t\t\t\t\t\t<div class=\"elementor-gallery-item__overlay\"><\/div>\n\t\t\t\t\t\t\t\t\t\t\t\t\t\t<\/a>\n\t\t\t\t\t\t\t<a class=\"e-gallery-item elementor-gallery-item elementor-animated-content\" href=\"https:\/\/artezaleak.eus\/wp-content\/uploads\/2025\/05\/patrones-costura.jpg\" data-elementor-open-lightbox=\"yes\" data-elementor-lightbox-slideshow=\"88576e9\" data-elementor-lightbox-title=\"patrones costura\" data-e-action-hash=\"#elementor-action%3Aaction%3Dlightbox%26settings%3DeyJpZCI6NTU5MiwidXJsIjoiaHR0cHM6XC9cL2FydGV6YWxlYWsuZXVzXC93cC1jb250ZW50XC91cGxvYWRzXC8yMDI1XC8wNVwvcGF0cm9uZXMtY29zdHVyYS5qcGciLCJzbGlkZXNob3ciOiI4ODU3NmU5In0%3D\">\n\t\t\t\t\t<div class=\"e-gallery-image elementor-gallery-item__image\" data-thumbnail=\"https:\/\/artezaleak.eus\/wp-content\/uploads\/2025\/05\/patrones-costura-300x200.jpg\" data-width=\"300\" data-height=\"200\" aria-label=\"\" role=\"img\" ><\/div>\n\t\t\t\t\t\t\t\t\t\t\t<div class=\"elementor-gallery-item__overlay\"><\/div>\n\t\t\t\t\t\t\t\t\t\t\t\t\t\t<\/a>\n\t\t\t\t\t\t\t<a class=\"e-gallery-item elementor-gallery-item elementor-animated-content\" href=\"https:\/\/artezaleak.eus\/wp-content\/uploads\/2025\/05\/coser-boton.jpg\" data-elementor-open-lightbox=\"yes\" data-elementor-lightbox-slideshow=\"88576e9\" data-elementor-lightbox-title=\"coser bot\u00f3n\" data-e-action-hash=\"#elementor-action%3Aaction%3Dlightbox%26settings%3DeyJpZCI6NTU3NiwidXJsIjoiaHR0cHM6XC9cL2FydGV6YWxlYWsuZXVzXC93cC1jb250ZW50XC91cGxvYWRzXC8yMDI1XC8wNVwvY29zZXItYm90b24uanBnIiwic2xpZGVzaG93IjoiODg1NzZlOSJ9\">\n\t\t\t\t\t<div class=\"e-gallery-image elementor-gallery-item__image\" data-thumbnail=\"https:\/\/artezaleak.eus\/wp-content\/uploads\/2025\/05\/coser-boton-300x200.jpg\" data-width=\"300\" data-height=\"200\" aria-label=\"\" role=\"img\" ><\/div>\n\t\t\t\t\t\t\t\t\t\t\t<div class=\"elementor-gallery-item__overlay\"><\/div>\n\t\t\t\t\t\t\t\t\t\t\t\t\t\t<\/a>\n\t\t\t\t\t\t\t<a class=\"e-gallery-item elementor-gallery-item elementor-animated-content\" href=\"https:\/\/artezaleak.eus\/wp-content\/uploads\/2025\/05\/patrones-mascarillas.jpg\" data-elementor-open-lightbox=\"yes\" data-elementor-lightbox-slideshow=\"88576e9\" data-elementor-lightbox-title=\"patrones mascarillas\" data-e-action-hash=\"#elementor-action%3Aaction%3Dlightbox%26settings%3DeyJpZCI6NTU5MCwidXJsIjoiaHR0cHM6XC9cL2FydGV6YWxlYWsuZXVzXC93cC1jb250ZW50XC91cGxvYWRzXC8yMDI1XC8wNVwvcGF0cm9uZXMtbWFzY2FyaWxsYXMuanBnIiwic2xpZGVzaG93IjoiODg1NzZlOSJ9\">\n\t\t\t\t\t<div class=\"e-gallery-image elementor-gallery-item__image\" data-thumbnail=\"https:\/\/artezaleak.eus\/wp-content\/uploads\/2025\/05\/patrones-mascarillas-300x200.jpg\" data-width=\"300\" data-height=\"200\" aria-label=\"\" role=\"img\" ><\/div>\n\t\t\t\t\t\t\t\t\t\t\t<div class=\"elementor-gallery-item__overlay\"><\/div>\n\t\t\t\t\t\t\t\t\t\t\t\t\t\t<\/a>\n\t\t\t\t\t<\/div>\n\t\t\t\t\t<\/div>\n\t\t\t\t<\/div>\n\t\t\t\t<div class=\"elementor-element elementor-element-c4708ea elementor-widget__width-initial elementor-widget-divider--view-line elementor-widget elementor-widget-divider\" data-id=\"c4708ea\" data-element_type=\"widget\" data-e-type=\"widget\" data-widget_type=\"divider.default\">\n\t\t\t\t<div class=\"elementor-widget-container\">\n\t\t\t\t\t\t\t<div class=\"elementor-divider\">\n\t\t\t<span class=\"elementor-divider-separator\">\n\t\t\t\t\t\t<\/span>\n\t\t<\/div>\n\t\t\t\t\t\t<\/div>\n\t\t\t\t<\/div>\n\t\t\t\t<div class=\"elementor-element elementor-element-b58a364 elementor-align-left elementor-widget elementor-widget-button\" data-id=\"b58a364\" data-element_type=\"widget\" data-e-type=\"widget\" data-widget_type=\"button.default\">\n\t\t\t\t<div class=\"elementor-widget-container\">\n\t\t\t\t\t\t\t\t\t<div class=\"elementor-button-wrapper\">\n\t\t\t\t\t<a class=\"elementor-button elementor-button-link elementor-size-sm elementor-animation-shrink\" href=\"https:\/\/artezaleak.eus\/es\/talleres\/\">\n\t\t\t\t\t\t<span class=\"elementor-button-content-wrapper\">\n\t\t\t\t\t\t<span class=\"elementor-button-icon\">\n\t\t\t\t<svg xmlns=\"http:\/\/www.w3.org\/2000\/svg\" id=\"fb1ba545-369a-4787-8f5c-a6afb4a11530\" data-name=\"Layer 1\" width=\"16.2764\" height=\"16.6475\" viewBox=\"0 0 16.2764 16.6475\"><path d=\"M16.2852,7.6343,3.498,7.6348,9.793,1.7412,8.4258.2812.3252,7.8652a1,1,0,0,0-.002,1.458l8.08,7.6055,1.3711-1.457L3.5723,9.6348H16.2852Z\" transform=\"translate(-0.0088 -0.2813)\"><\/path><\/svg>\t\t\t<\/span>\n\t\t\t\t\t\t\t\t\t<span class=\"elementor-button-text\">Talleres<\/span>\n\t\t\t\t\t<\/span>\n\t\t\t\t\t<\/a>\n\t\t\t\t<\/div>\n\t\t\t\t\t\t\t\t<\/div>\n\t\t\t\t<\/div>\n\t\t\t\t\t<\/div>\n\t\t<\/div>\n\t\t\t\t\t<\/div>\n\t\t<\/section>\n\t\t\t\t<\/div>\n\t\t","protected":false},"excerpt":{"rendered":"<p>#Costura #Moda #Dise\u00f1o #Confecci\u00f3n #Ropa #HechoAMano #Patrones #Bordado #Taller<\/p>\n","protected":false},"author":5,"featured_media":5570,"parent":4216,"menu_order":0,"comment_status":"closed","ping_status":"closed","template":"","meta":{"footnotes":""},"class_list":["post-5564","page","type-page","status-publish","has-post-thumbnail","hentry"],"_links":{"self":[{"href":"https:\/\/artezaleak.eus\/es\/wp-json\/wp\/v2\/pages\/5564","targetHints":{"allow":["GET"]}}],"collection":[{"href":"https:\/\/artezaleak.eus\/es\/wp-json\/wp\/v2\/pages"}],"about":[{"href":"https:\/\/artezaleak.eus\/es\/wp-json\/wp\/v2\/types\/page"}],"author":[{"embeddable":true,"href":"https:\/\/artezaleak.eus\/es\/wp-json\/wp\/v2\/users\/5"}],"replies":[{"embeddable":true,"href":"https:\/\/artezaleak.eus\/es\/wp-json\/wp\/v2\/comments?post=5564"}],"version-history":[{"count":5,"href":"https:\/\/artezaleak.eus\/es\/wp-json\/wp\/v2\/pages\/5564\/revisions"}],"predecessor-version":[{"id":5795,"href":"https:\/\/artezaleak.eus\/es\/wp-json\/wp\/v2\/pages\/5564\/revisions\/5795"}],"up":[{"embeddable":true,"href":"https:\/\/artezaleak.eus\/es\/wp-json\/wp\/v2\/pages\/4216"}],"wp:featuredmedia":[{"embeddable":true,"href":"https:\/\/artezaleak.eus\/es\/wp-json\/wp\/v2\/media\/5570"}],"wp:attachment":[{"href":"https:\/\/artezaleak.eus\/es\/wp-json\/wp\/v2\/media?parent=5564"}],"curies":[{"name":"wp","href":"https:\/\/api.w.org\/{rel}","templated":true}]}}